{"id":5509,"date":"2026-04-29T10:16:42","date_gmt":"2026-04-29T10:16:42","guid":{"rendered":"https:\/\/premiumkazan.hu\/?post_type=product&#038;p=5509"},"modified":"2026-04-29T12:34:48","modified_gmt":"2026-04-29T12:34:48","slug":"szigetelolap-kazanajtohoz-200mm-x-200mm","status":"publish","type":"product","link":"https:\/\/premiumkazan.hu\/en\/product\/szigetelolap-kazanajtohoz-200mm-x-200mm\/","title":{"rendered":"Szigetel\u0151lap kaz\u00e1najt\u00f3hoz  200 x 200mm"},"content":{"rendered":"<h5>Kaz\u00e1najt\u00f3ba illeszked\u0151 szigetel\u0151lap \/h\u0151\u00e1ll\u00f3 bet\u00e9t\/\u00a0 200 mm x 200 mm m\u00e9ret\u0171.<\/h5>\n<ul>\n<li>\n<h5>seg\u00edti meg\u0151rizni a kaz\u00e1n hat\u00e9kony m\u0171k\u00f6d\u00e9s\u00e9t, tov\u00e1bb\u00e1 cs\u00f6kkenti a h\u0151vesztes\u00e9get,<\/h5>\n<\/li>\n<li>\n<h5>hozz\u00e1j\u00e1rul\u00a0<span class=\"T286Pc\" data-sfc-cp=\"\" data-sfc-root=\"c\" data-sfc-cb=\"\" data-processed=\"true\">az egyenletesebb \u00e9g\u00e9si folyamathoz a t\u0171zt\u00e9rben,<\/span><\/h5>\n<\/li>\n<li>\n<h5>meg\u00f3vja a kaz\u00e1najt\u00f3 f\u00e9m szerkezet\u00e9t a k\u00f6zvetlen h\u0151t\u0151l,<\/h5>\n<\/li>\n<li>\n<h5>hozz\u00e1j\u00e1rul a kaz\u00e1n biztons\u00e1gos \u00fczemeltet\u00e9s\u00e9hez.<\/h5>\n<\/li>\n<\/ul>\n<p>&nbsp;<\/p>","protected":false},"excerpt":{"rendered":"<h4>Szigetel\u0151lap kaz\u00e1najt\u00f3hoz\u00a0 200 x 200 mm m\u00e9ret\u0171,<\/h4>\n<h4>DT 130-as ajt\u00f3hoz megfelel\u0151 szigetel\u0151 elem .<\/h4>\n<p>&nbsp;<\/p>","protected":false},"featured_media":5510,"comment_status":"open","ping_status":"closed","template":"","meta":{"_themeisle_gutenberg_block_has_review":false},"product_brand":[],"product_cat":[295],"product_tag":[],"class_list":{"0":"post-5509","1":"product","2":"type-product","3":"status-publish","4":"has-post-thumbnail","6":"product_cat-tovabbi-kiegeszitok","8":"first","9":"instock","10":"sale","11":"taxable","12":"shipping-taxable","13":"purchasable","14":"product-type-simple"},"_links":{"self":[{"href":"https:\/\/premiumkazan.hu\/en\/wp-json\/wp\/v2\/product\/5509","targetHints":{"allow":["GET"]}}],"collection":[{"href":"https:\/\/premiumkazan.hu\/en\/wp-json\/wp\/v2\/product"}],"about":[{"href":"https:\/\/premiumkazan.hu\/en\/wp-json\/wp\/v2\/types\/product"}],"replies":[{"embeddable":true,"href":"https:\/\/premiumkazan.hu\/en\/wp-json\/wp\/v2\/comments?post=5509"}],"wp:featuredmedia":[{"embeddable":true,"href":"https:\/\/premiumkazan.hu\/en\/wp-json\/wp\/v2\/media\/5510"}],"wp:attachment":[{"href":"https:\/\/premiumkazan.hu\/en\/wp-json\/wp\/v2\/media?parent=5509"}],"wp:term":[{"taxonomy":"product_brand","embeddable":true,"href":"https:\/\/premiumkazan.hu\/en\/wp-json\/wp\/v2\/product_brand?post=5509"},{"taxonomy":"product_cat","embeddable":true,"href":"https:\/\/premiumkazan.hu\/en\/wp-json\/wp\/v2\/product_cat?post=5509"},{"taxonomy":"product_tag","embeddable":true,"href":"https:\/\/premiumkazan.hu\/en\/wp-json\/wp\/v2\/product_tag?post=5509"}],"curies":[{"name":"wp","href":"https:\/\/api.w.org\/{rel}","templated":true}]}}