{"id":5492,"date":"2026-04-26T13:38:54","date_gmt":"2026-04-26T13:38:54","guid":{"rendered":"https:\/\/premiumkazan.hu\/?post_type=product&#038;p=5492"},"modified":"2026-04-27T13:39:12","modified_gmt":"2026-04-27T13:39:12","slug":"honeywell-braukmann-resideo-fr124-3-4a-huzatszabalyzo-3-4","status":"publish","type":"product","link":"https:\/\/premiumkazan.hu\/en\/product\/honeywell-braukmann-resideo-fr124-3-4a-huzatszabalyzo-3-4\/","title":{"rendered":"Honeywell\/Braukmann Resideo FR124-3\/4A HUZATSZAB\u00c1LYZ\u00d3 3\/4&#8243;"},"content":{"rendered":"<p>Huzatszab\u00e1lyz\u00f3 szil\u00e1rd- \u00e9s vegyest\u00fczel\u00e9s\u00fa kaz\u00e1nokhoz, 3\/4&#8243; menetes csatlakoz\u00e1ssal.<\/p>\n<p>F\u00fcgg\u0151legesen \u00e9s v\u00edzszintesen egyar\u00e1nt be\u00e9p\u00edthet\u0151.<\/p>","protected":false},"excerpt":{"rendered":"<h4>Honeywell\/Braukmann Resideo FR124-3\/4A HUZATSZAB\u00c1LYZ\u00d3 3\/4&#8243;<\/h4>","protected":false},"featured_media":5495,"comment_status":"open","ping_status":"closed","template":"","meta":{"_themeisle_gutenberg_block_has_review":false},"product_brand":[],"product_cat":[295],"product_tag":[],"class_list":{"0":"post-5492","1":"product","2":"type-product","3":"status-publish","4":"has-post-thumbnail","6":"product_cat-tovabbi-kiegeszitok","8":"first","9":"instock","10":"sale","11":"taxable","12":"shipping-taxable","13":"purchasable","14":"product-type-simple"},"_links":{"self":[{"href":"https:\/\/premiumkazan.hu\/en\/wp-json\/wp\/v2\/product\/5492","targetHints":{"allow":["GET"]}}],"collection":[{"href":"https:\/\/premiumkazan.hu\/en\/wp-json\/wp\/v2\/product"}],"about":[{"href":"https:\/\/premiumkazan.hu\/en\/wp-json\/wp\/v2\/types\/product"}],"replies":[{"embeddable":true,"href":"https:\/\/premiumkazan.hu\/en\/wp-json\/wp\/v2\/comments?post=5492"}],"wp:featuredmedia":[{"embeddable":true,"href":"https:\/\/premiumkazan.hu\/en\/wp-json\/wp\/v2\/media\/5495"}],"wp:attachment":[{"href":"https:\/\/premiumkazan.hu\/en\/wp-json\/wp\/v2\/media?parent=5492"}],"wp:term":[{"taxonomy":"product_brand","embeddable":true,"href":"https:\/\/premiumkazan.hu\/en\/wp-json\/wp\/v2\/product_brand?post=5492"},{"taxonomy":"product_cat","embeddable":true,"href":"https:\/\/premiumkazan.hu\/en\/wp-json\/wp\/v2\/product_cat?post=5492"},{"taxonomy":"product_tag","embeddable":true,"href":"https:\/\/premiumkazan.hu\/en\/wp-json\/wp\/v2\/product_tag?post=5492"}],"curies":[{"name":"wp","href":"https:\/\/api.w.org\/{rel}","templated":true}]}}