{"id":5380,"date":"2025-07-13T23:00:41","date_gmt":"2025-07-13T23:00:41","guid":{"rendered":"https:\/\/premiumkazan.hu\/?post_type=product&#038;p=5380"},"modified":"2025-07-23T07:07:50","modified_gmt":"2025-07-23T07:07:50","slug":"gyorsszorito-mf-02","status":"publish","type":"product","link":"https:\/\/premiumkazan.hu\/en\/product\/gyorsszorito-mf-02\/","title":{"rendered":"Gyorsszor\u00edt\u00f3 MF-02"},"content":{"rendered":"<h5>Kiv\u00e1l\u00f3an alkalmas k\u00fcl\u00f6nb\u00f6z\u0151 m\u00e9ret\u0171 munkadarabok r\u00f6gz\u00edt\u00e9s\u00e9re<\/h5>\n<h5>Alkalmazhat\u00f3 egyedi- \u00e9s sz\u00e9riagy\u00e1rt\u00e1sban is.<\/h5>\n<h5>T\u00f6bbsz\u00f6r felhaszn\u00e1lhat\u00f3.<\/h5>\n<h5>El\u0151ny\u00f6sen alkalmazhat\u00f3 f\u00far\u00f3 \u00e9s hegeszt\u0151sablonokn\u00e1l.<\/h5>\n<h5>Alkalmaz\u00e1s\u00e1val jelent\u0151s mell\u00e9kid\u0151 megtakar\u00edt\u00e1s \u00e9rhet\u0151 el.<\/h5>\n<h5>Er\u0151s szor\u00edt\u00f3er\u0151, gyors m\u0171k\u00f6dtet\u00e9s, kompakt \u00e9s k\u00f6nny\u0171 kialak\u00edt\u00e1s.<\/h5>\n<h5>Nagy \u00e9lettartam, r\u00f6vid megt\u00e9r\u00fcl\u00e9si id\u0151.<\/h5>\n<p>&nbsp;<\/p>","protected":false},"excerpt":{"rendered":"<h5>F\u00fcgg\u0151leges gyorsszor\u00edt\u00f3 v\u00edzszintes talppal.<\/h5>\n<p>&nbsp;<\/p>","protected":false},"featured_media":5382,"comment_status":"open","ping_status":"closed","template":"","meta":{"_themeisle_gutenberg_block_has_review":false},"product_brand":[],"product_cat":[295],"product_tag":[],"class_list":{"0":"post-5380","1":"product","2":"type-product","3":"status-publish","4":"has-post-thumbnail","6":"product_cat-tovabbi-kiegeszitok","8":"first","9":"instock","10":"sale","11":"taxable","12":"shipping-taxable","13":"purchasable","14":"product-type-simple"},"_links":{"self":[{"href":"https:\/\/premiumkazan.hu\/en\/wp-json\/wp\/v2\/product\/5380","targetHints":{"allow":["GET"]}}],"collection":[{"href":"https:\/\/premiumkazan.hu\/en\/wp-json\/wp\/v2\/product"}],"about":[{"href":"https:\/\/premiumkazan.hu\/en\/wp-json\/wp\/v2\/types\/product"}],"replies":[{"embeddable":true,"href":"https:\/\/premiumkazan.hu\/en\/wp-json\/wp\/v2\/comments?post=5380"}],"wp:featuredmedia":[{"embeddable":true,"href":"https:\/\/premiumkazan.hu\/en\/wp-json\/wp\/v2\/media\/5382"}],"wp:attachment":[{"href":"https:\/\/premiumkazan.hu\/en\/wp-json\/wp\/v2\/media?parent=5380"}],"wp:term":[{"taxonomy":"product_brand","embeddable":true,"href":"https:\/\/premiumkazan.hu\/en\/wp-json\/wp\/v2\/product_brand?post=5380"},{"taxonomy":"product_cat","embeddable":true,"href":"https:\/\/premiumkazan.hu\/en\/wp-json\/wp\/v2\/product_cat?post=5380"},{"taxonomy":"product_tag","embeddable":true,"href":"https:\/\/premiumkazan.hu\/en\/wp-json\/wp\/v2\/product_tag?post=5380"}],"curies":[{"name":"wp","href":"https:\/\/api.w.org\/{rel}","templated":true}]}}