{"id":5021,"date":"2025-07-01T09:13:48","date_gmt":"2025-07-01T09:13:48","guid":{"rendered":"https:\/\/premiumkazan.hu\/?post_type=product&#038;p=5021"},"modified":"2026-02-26T20:01:52","modified_gmt":"2026-02-26T20:01:52","slug":"fk-17-rostely-300-x-200x-20-mm","status":"publish","type":"product","link":"https:\/\/premiumkazan.hu\/en\/product\/fk-17-rostely-300-x-200x-20-mm\/","title":{"rendered":"FK-17 rost\u00e9ly 300x200x20 mm"},"content":{"rendered":"<h4>\u00a0FK-17 \u00f6ntv\u00e9ny rost\u00e9ly<\/h4>\n<p>H\u0151term kaz\u00e1nhoz<\/p>","protected":false},"excerpt":{"rendered":"<h5>FK-17 \u00f6ntv\u00e9ny rost\u00e9ly<\/h5>\n<h6>300 mm x 200 mm x 20 mm<\/h6>","protected":false},"featured_media":5022,"comment_status":"open","ping_status":"closed","template":"","meta":{"_themeisle_gutenberg_block_has_review":false},"product_brand":[],"product_cat":[295],"product_tag":[],"class_list":{"0":"post-5021","1":"product","2":"type-product","3":"status-publish","4":"has-post-thumbnail","6":"product_cat-tovabbi-kiegeszitok","8":"first","9":"instock","10":"sale","11":"taxable","12":"shipping-taxable","13":"purchasable","14":"product-type-simple"},"_links":{"self":[{"href":"https:\/\/premiumkazan.hu\/en\/wp-json\/wp\/v2\/product\/5021","targetHints":{"allow":["GET"]}}],"collection":[{"href":"https:\/\/premiumkazan.hu\/en\/wp-json\/wp\/v2\/product"}],"about":[{"href":"https:\/\/premiumkazan.hu\/en\/wp-json\/wp\/v2\/types\/product"}],"replies":[{"embeddable":true,"href":"https:\/\/premiumkazan.hu\/en\/wp-json\/wp\/v2\/comments?post=5021"}],"wp:featuredmedia":[{"embeddable":true,"href":"https:\/\/premiumkazan.hu\/en\/wp-json\/wp\/v2\/media\/5022"}],"wp:attachment":[{"href":"https:\/\/premiumkazan.hu\/en\/wp-json\/wp\/v2\/media?parent=5021"}],"wp:term":[{"taxonomy":"product_brand","embeddable":true,"href":"https:\/\/premiumkazan.hu\/en\/wp-json\/wp\/v2\/product_brand?post=5021"},{"taxonomy":"product_cat","embeddable":true,"href":"https:\/\/premiumkazan.hu\/en\/wp-json\/wp\/v2\/product_cat?post=5021"},{"taxonomy":"product_tag","embeddable":true,"href":"https:\/\/premiumkazan.hu\/en\/wp-json\/wp\/v2\/product_tag?post=5021"}],"curies":[{"name":"wp","href":"https:\/\/api.w.org\/{rel}","templated":true}]}}