{"id":5018,"date":"2025-07-01T09:17:33","date_gmt":"2025-07-01T09:17:33","guid":{"rendered":"https:\/\/premiumkazan.hu\/?post_type=product&#038;p=5018"},"modified":"2025-07-23T07:17:34","modified_gmt":"2025-07-23T07:17:34","slug":"fk-7-rostely-380x75x30-mm","status":"publish","type":"product","link":"https:\/\/premiumkazan.hu\/en\/product\/fk-7-rostely-380x75x30-mm\/","title":{"rendered":"FK-7 rost\u00e9ly 380x75x30 mm"},"content":{"rendered":"<h4>FK-7 rost\u00e9ly<\/h4>\n<p>Kazi S28, Totya S28 \u00e9s r\u00e9gi Totya 2-es t\u00edpus\u00fa kaz\u00e1nokhoz<\/p>","protected":false},"excerpt":{"rendered":"<h5>FK-7 rost\u00e9ly<\/h5>\n<h6>380 mm x 75 mm x 30 mm<\/h6>","protected":false},"featured_media":5020,"comment_status":"open","ping_status":"closed","template":"","meta":{"_themeisle_gutenberg_block_has_review":false},"product_brand":[],"product_cat":[295],"product_tag":[],"class_list":{"0":"post-5018","1":"product","2":"type-product","3":"status-publish","4":"has-post-thumbnail","6":"product_cat-tovabbi-kiegeszitok","8":"first","9":"instock","10":"sale","11":"taxable","12":"shipping-taxable","13":"purchasable","14":"product-type-simple"},"_links":{"self":[{"href":"https:\/\/premiumkazan.hu\/en\/wp-json\/wp\/v2\/product\/5018","targetHints":{"allow":["GET"]}}],"collection":[{"href":"https:\/\/premiumkazan.hu\/en\/wp-json\/wp\/v2\/product"}],"about":[{"href":"https:\/\/premiumkazan.hu\/en\/wp-json\/wp\/v2\/types\/product"}],"replies":[{"embeddable":true,"href":"https:\/\/premiumkazan.hu\/en\/wp-json\/wp\/v2\/comments?post=5018"}],"wp:featuredmedia":[{"embeddable":true,"href":"https:\/\/premiumkazan.hu\/en\/wp-json\/wp\/v2\/media\/5020"}],"wp:attachment":[{"href":"https:\/\/premiumkazan.hu\/en\/wp-json\/wp\/v2\/media?parent=5018"}],"wp:term":[{"taxonomy":"product_brand","embeddable":true,"href":"https:\/\/premiumkazan.hu\/en\/wp-json\/wp\/v2\/product_brand?post=5018"},{"taxonomy":"product_cat","embeddable":true,"href":"https:\/\/premiumkazan.hu\/en\/wp-json\/wp\/v2\/product_cat?post=5018"},{"taxonomy":"product_tag","embeddable":true,"href":"https:\/\/premiumkazan.hu\/en\/wp-json\/wp\/v2\/product_tag?post=5018"}],"curies":[{"name":"wp","href":"https:\/\/api.w.org\/{rel}","templated":true}]}}