{"id":5015,"date":"2025-07-01T09:18:25","date_gmt":"2025-07-01T09:18:25","guid":{"rendered":"https:\/\/premiumkazan.hu\/?post_type=product&#038;p=5015"},"modified":"2025-07-23T07:17:05","modified_gmt":"2025-07-23T07:17:05","slug":"fk-6-rostely-340x75x30-mm","status":"publish","type":"product","link":"https:\/\/premiumkazan.hu\/en\/product\/fk-6-rostely-340x75x30-mm\/","title":{"rendered":"FK-6 rost\u00e9ly 340x75x30 mm"},"content":{"rendered":"<h4>FK-6 \u00f6ntv\u00e9ny rost\u00e9ly<\/h4>\n<p>Kazi \u00e9s Totya s23-as t\u00edpus\u00fa kaz\u00e1nokhoz<\/p>\n<h5><\/h5>","protected":false},"excerpt":{"rendered":"<h5>FK-6 \u00f6ntv\u00e9ny rost\u00e9ly<\/h5>\n<h6>340 mm x 75 mm x 30 mm<\/h6>\n<h2><\/h2>\n<h2><\/h2>\n<p>&nbsp;<\/p>","protected":false},"featured_media":5017,"comment_status":"open","ping_status":"closed","template":"","meta":{"_themeisle_gutenberg_block_has_review":false},"product_brand":[],"product_cat":[295],"product_tag":[],"class_list":{"0":"post-5015","1":"product","2":"type-product","3":"status-publish","4":"has-post-thumbnail","6":"product_cat-tovabbi-kiegeszitok","8":"first","9":"instock","10":"sale","11":"taxable","12":"shipping-taxable","13":"purchasable","14":"product-type-simple"},"_links":{"self":[{"href":"https:\/\/premiumkazan.hu\/en\/wp-json\/wp\/v2\/product\/5015","targetHints":{"allow":["GET"]}}],"collection":[{"href":"https:\/\/premiumkazan.hu\/en\/wp-json\/wp\/v2\/product"}],"about":[{"href":"https:\/\/premiumkazan.hu\/en\/wp-json\/wp\/v2\/types\/product"}],"replies":[{"embeddable":true,"href":"https:\/\/premiumkazan.hu\/en\/wp-json\/wp\/v2\/comments?post=5015"}],"wp:featuredmedia":[{"embeddable":true,"href":"https:\/\/premiumkazan.hu\/en\/wp-json\/wp\/v2\/media\/5017"}],"wp:attachment":[{"href":"https:\/\/premiumkazan.hu\/en\/wp-json\/wp\/v2\/media?parent=5015"}],"wp:term":[{"taxonomy":"product_brand","embeddable":true,"href":"https:\/\/premiumkazan.hu\/en\/wp-json\/wp\/v2\/product_brand?post=5015"},{"taxonomy":"product_cat","embeddable":true,"href":"https:\/\/premiumkazan.hu\/en\/wp-json\/wp\/v2\/product_cat?post=5015"},{"taxonomy":"product_tag","embeddable":true,"href":"https:\/\/premiumkazan.hu\/en\/wp-json\/wp\/v2\/product_tag?post=5015"}],"curies":[{"name":"wp","href":"https:\/\/api.w.org\/{rel}","templated":true}]}}