{"id":4989,"date":"2025-07-01T09:15:57","date_gmt":"2025-07-01T09:15:57","guid":{"rendered":"https:\/\/premiumkazan.hu\/?post_type=product&#038;p=4989"},"modified":"2025-07-16T08:40:52","modified_gmt":"2025-07-16T08:40:52","slug":"fk-10-rostely-celsius-kazanhoz","status":"publish","type":"product","link":"https:\/\/premiumkazan.hu\/en\/product\/fk-10-rostely-celsius-kazanhoz\/","title":{"rendered":"FK-10 rost\u00e9ly Celsius kaz\u00e1nhoz"},"content":{"rendered":"<h4>FK-10 rost\u00e9ly Celsius kaz\u00e1nhoz<\/h4>\n<h5>Celsius PV35 t\u00edpus\u00fa kaz\u00e1nokhoz aj\u00e1nljuk<\/h5>\n<h5><\/h5>\n<p>&nbsp;<\/p>","protected":false},"excerpt":{"rendered":"<h5>FK-10 \u00f6ntv\u00e9ny s\u00edk rost\u00e9ly Celsius kaz\u00e1nhoz<\/h5>\n<h6>320 mm x 245 mm x 20 mm<\/h6>\n<h5><\/h5>","protected":false},"featured_media":4990,"comment_status":"open","ping_status":"closed","template":"","meta":{"_themeisle_gutenberg_block_has_review":false},"product_brand":[],"product_cat":[295],"product_tag":[],"class_list":{"0":"post-4989","1":"product","2":"type-product","3":"status-publish","4":"has-post-thumbnail","6":"product_cat-tovabbi-kiegeszitok","8":"first","9":"outofstock","10":"sale","11":"taxable","12":"shipping-taxable","13":"purchasable","14":"product-type-simple"},"_links":{"self":[{"href":"https:\/\/premiumkazan.hu\/en\/wp-json\/wp\/v2\/product\/4989","targetHints":{"allow":["GET"]}}],"collection":[{"href":"https:\/\/premiumkazan.hu\/en\/wp-json\/wp\/v2\/product"}],"about":[{"href":"https:\/\/premiumkazan.hu\/en\/wp-json\/wp\/v2\/types\/product"}],"replies":[{"embeddable":true,"href":"https:\/\/premiumkazan.hu\/en\/wp-json\/wp\/v2\/comments?post=4989"}],"wp:featuredmedia":[{"embeddable":true,"href":"https:\/\/premiumkazan.hu\/en\/wp-json\/wp\/v2\/media\/4990"}],"wp:attachment":[{"href":"https:\/\/premiumkazan.hu\/en\/wp-json\/wp\/v2\/media?parent=4989"}],"wp:term":[{"taxonomy":"product_brand","embeddable":true,"href":"https:\/\/premiumkazan.hu\/en\/wp-json\/wp\/v2\/product_brand?post=4989"},{"taxonomy":"product_cat","embeddable":true,"href":"https:\/\/premiumkazan.hu\/en\/wp-json\/wp\/v2\/product_cat?post=4989"},{"taxonomy":"product_tag","embeddable":true,"href":"https:\/\/premiumkazan.hu\/en\/wp-json\/wp\/v2\/product_tag?post=4989"}],"curies":[{"name":"wp","href":"https:\/\/api.w.org\/{rel}","templated":true}]}}