{"id":4928,"date":"2024-04-01T14:52:50","date_gmt":"2024-04-01T14:52:50","guid":{"rendered":"https:\/\/premiumkazan.hu\/?post_type=product&#038;p=4928"},"modified":"2025-12-04T09:27:53","modified_gmt":"2025-12-04T09:27:53","slug":"pellet-z-idom-80-100-250-tisztitonyilassal","status":"publish","type":"product","link":"https:\/\/premiumkazan.hu\/en\/product\/pellet-z-idom-80-100-250-tisztitonyilassal\/","title":{"rendered":"Pellet Z-idom \u230080 \/ 1950 x 165 mm  tiszt\u00edt\u00f3ny\u00edl\u00e1ssal"},"content":{"rendered":"<p>Ac\u00e9l pelletes f\u00fcstcs\u0151 Z alak\u00fa elh\u00faz\u00e1s \u230080\/ 1950 x 165 mm tiszt\u00edt\u00f3ny\u00edl\u00e1ssal<\/p>\n<h5><\/h5>\n<p>&nbsp;<\/p>\n<p>&nbsp;<\/p>\n<p>&nbsp;<\/p>\n<p>&nbsp;<\/p>","protected":false},"excerpt":{"rendered":"<h5>Ac\u00e9l pelletes f\u00fcstcs\u0151 Z alak\u00fa elh\u00faz\u00e1s \u230080 x 1950x 165 mm, tiszt\u00edt\u00f3ny\u00edl\u00e1ssal<\/h5>","protected":false},"featured_media":4931,"comment_status":"open","ping_status":"closed","template":"","meta":{"_themeisle_gutenberg_block_has_review":false},"product_brand":[],"product_cat":[159],"product_tag":[],"class_list":{"0":"post-4928","1":"product","2":"type-product","3":"status-publish","4":"has-post-thumbnail","6":"product_cat-pellet-csovek","8":"first","9":"outofstock","10":"sale","11":"taxable","12":"shipping-taxable","13":"purchasable","14":"product-type-simple"},"_links":{"self":[{"href":"https:\/\/premiumkazan.hu\/en\/wp-json\/wp\/v2\/product\/4928","targetHints":{"allow":["GET"]}}],"collection":[{"href":"https:\/\/premiumkazan.hu\/en\/wp-json\/wp\/v2\/product"}],"about":[{"href":"https:\/\/premiumkazan.hu\/en\/wp-json\/wp\/v2\/types\/product"}],"replies":[{"embeddable":true,"href":"https:\/\/premiumkazan.hu\/en\/wp-json\/wp\/v2\/comments?post=4928"}],"wp:featuredmedia":[{"embeddable":true,"href":"https:\/\/premiumkazan.hu\/en\/wp-json\/wp\/v2\/media\/4931"}],"wp:attachment":[{"href":"https:\/\/premiumkazan.hu\/en\/wp-json\/wp\/v2\/media?parent=4928"}],"wp:term":[{"taxonomy":"product_brand","embeddable":true,"href":"https:\/\/premiumkazan.hu\/en\/wp-json\/wp\/v2\/product_brand?post=4928"},{"taxonomy":"product_cat","embeddable":true,"href":"https:\/\/premiumkazan.hu\/en\/wp-json\/wp\/v2\/product_cat?post=4928"},{"taxonomy":"product_tag","embeddable":true,"href":"https:\/\/premiumkazan.hu\/en\/wp-json\/wp\/v2\/product_tag?post=4928"}],"curies":[{"name":"wp","href":"https:\/\/api.w.org\/{rel}","templated":true}]}}