{"id":4367,"date":"2026-02-19T10:20:15","date_gmt":"2026-02-19T10:20:15","guid":{"rendered":"https:\/\/premiumkazan.hu\/?post_type=product&#038;p=4367"},"modified":"2026-02-19T14:08:32","modified_gmt":"2026-02-19T14:08:32","slug":"spartan-20-szilardtuzelesu-kazan","status":"publish","type":"product","link":"https:\/\/premiumkazan.hu\/en\/product\/spartan-20-szilardtuzelesu-kazan\/","title":{"rendered":"SPARTAN 20 szil\u00e1rdt\u00fczel\u00e9s\u0171 kaz\u00e1n 18kW"},"content":{"rendered":"<h5>SPARTAN 20 szil\u00e1rdt\u00fczel\u00e9s\u0171 kaz\u00e1n<\/h5>\n<h5>Max. teljes\u00edtm\u00e9ny: 21 kW<\/h5>\n<h5>Optim\u00e1lis t\u00fczel\u0151anyag: nem f\u00e1s biomassza, nedvess\u00e9gtartalom max. 20%<\/h5>\n<p><span style=\"color: #000000;\">A v\u00e1ltoz\u00f3 g\u00e1z\u00e1rak, a g\u00e1zell\u00e1t\u00e1s bizonytalan alakul\u00e1sa \u00e9s az uni\u00f3s szab\u00e1lyoz\u00e1s k\u00f6vetkezt\u00e9ben a k\u00e9sz\u00fcl\u00e9kcser\u00e9k egyre dr\u00e1g\u00e1bb\u00e1 \u00e9s bonyolultabb\u00e1 teszik lak\u00e1sunk meleg\u00e9nek fenntart\u00e1s\u00e1t.<br \/>\nA Pr\u00e9mium Kaz\u00e1n Kft. k\u00edn\u00e1lat\u00e1ban l\u00e9v\u0151 szil\u00e1rdt\u00fczel\u00e9s\u0171 kaz\u00e1njait \u00fagy v\u00e1lasztotta meg, hogy egy j\u00f3 opci\u00f3t k\u00edn\u00e1ljanak ennek kezel\u00e9s\u00e9re, nem utols\u00f3sorban az\u00e9rt, hogy f\u00fcggetlenedni tudjunk a szolg\u00e1ltat\u00f3kt\u00f3l. R\u00e9gi \u00e9s \u00faj f\u0171t\u00e9si rendszerekben is egyar\u00e1nt alkalmazhat\u00f3k. A f\u0171t\u00e9si m\u00f3dok kombin\u00e1l\u00e1sa (fal-, padl\u00f3 -, radi\u00e1toros f\u0171t\u00e9s), sz\u00e9les k\u00f6rben n\u00f6vekv\u0151 n\u00e9pszer\u0171s\u00e9ge azzal magyar\u00e1zhat\u00f3, hogy egy megfelel\u0151en \u00f6sszerakott rendszer tulajdonosak\u00e9nt nem csak sz\u00e1mottev\u0151en kisebb k\u00f6lts\u00e9gekkel sz\u00e1molhatunk, de f\u0171t\u00e9si\u00a0komfort\u00e9rzet\u00fcnk\u00a0is megmarad, amennyiben a rendszer\u00fcnket \u00fagy \u00e9p\u00edtj\u00fck ki. A t\u00fczel\u0151anyagok k\u00f6re rendk\u00edv\u00fcl sz\u00e9les, b\u00e1rmilyen biomassza lehet.<br \/>\nA SPARTAN szil\u00e1rd biomassza t\u00fczel\u00e9s\u0171 kaz\u00e1nok jelenleg csak a Pr\u00e9mium Kaz\u00e1n Kft-n\u00e9l tal\u00e1lhat\u00f3ak meg.<br \/>\n\u00cdgy egy olyan biztons\u00e1gosan \u00fczemeltethet\u0151, hazai gy\u00e1rt\u00e1s\u00fa k\u00e9sz\u00fcl\u00e9k ker\u00fcl forgalmaz\u00e1sra, amivel a garanci\u00e1lis probl\u00e9m\u00e1k is a lehet\u0151 legkisebbre vannak lesz\u0171k\u00edtve.<br \/>\nHa bizonytalan abban, hogy milyen is ez a term\u00e9k, \u00e9s megfelel-e \u00d6nnek, akkor tal\u00e1n ez a szeml\u00e9let is seg\u00edt a d\u00f6nt\u00e9sben, illetve koll\u00e9g\u00e1ink is k\u00e9szs\u00e9ggel seg\u00edtenek a kiv\u00e1laszt\u00e1sban.<br \/>\nMinden k\u00e9sz\u00fcl\u00e9k rendelkezik a megfelel\u0151 hat\u00e1lyos Eur\u00f3pai Uni\u00f3s enged\u00e9llyel. Besorol\u00e1suk az EN 303-5 2012, &#8211; melyet haz\u00e1nk MSZ EN 303-5 2013-as\u00a0szabv\u00e1nyn\u00e9ven\u00a0honos\u00edtott- Class 3-as.<\/span><br \/>\nHat\u00e1sfokuk 80% feletti.<\/p>\n<p>&nbsp;<\/p>\n<p>&nbsp;<\/p>","protected":false},"excerpt":{"rendered":"<h6>SPARTAN 20 szil\u00e1rdt\u00fczel\u00e9s\u0171 kaz\u00e1n<\/h6>\n<h6>N\u00e9vleges teljes\u00edtm\u00e9ny: 18 kW<\/h6>\n<h6>Energiahat\u00e9konys\u00e1gi oszt\u00e1ly: A+<\/h6>\n<h6>Energiahat\u00e9konys\u00e1gi mutat\u00f3: 113,145<\/h6>","protected":false},"featured_media":4368,"comment_status":"open","ping_status":"closed","template":"","meta":{"_themeisle_gutenberg_block_has_review":false},"product_brand":[],"product_cat":[132],"product_tag":[],"class_list":{"0":"post-4367","1":"product","2":"type-product","3":"status-publish","4":"has-post-thumbnail","6":"product_cat-szilardtuzelesu-kazan","7":"product_shipping_class-ingyenes-szallitas","9":"first","10":"instock","11":"sale","12":"taxable","13":"shipping-taxable","14":"purchasable","15":"product-type-simple"},"_links":{"self":[{"href":"https:\/\/premiumkazan.hu\/en\/wp-json\/wp\/v2\/product\/4367","targetHints":{"allow":["GET"]}}],"collection":[{"href":"https:\/\/premiumkazan.hu\/en\/wp-json\/wp\/v2\/product"}],"about":[{"href":"https:\/\/premiumkazan.hu\/en\/wp-json\/wp\/v2\/types\/product"}],"replies":[{"embeddable":true,"href":"https:\/\/premiumkazan.hu\/en\/wp-json\/wp\/v2\/comments?post=4367"}],"wp:featuredmedia":[{"embeddable":true,"href":"https:\/\/premiumkazan.hu\/en\/wp-json\/wp\/v2\/media\/4368"}],"wp:attachment":[{"href":"https:\/\/premiumkazan.hu\/en\/wp-json\/wp\/v2\/media?parent=4367"}],"wp:term":[{"taxonomy":"product_brand","embeddable":true,"href":"https:\/\/premiumkazan.hu\/en\/wp-json\/wp\/v2\/product_brand?post=4367"},{"taxonomy":"product_cat","embeddable":true,"href":"https:\/\/premiumkazan.hu\/en\/wp-json\/wp\/v2\/product_cat?post=4367"},{"taxonomy":"product_tag","embeddable":true,"href":"https:\/\/premiumkazan.hu\/en\/wp-json\/wp\/v2\/product_tag?post=4367"}],"curies":[{"name":"wp","href":"https:\/\/api.w.org\/{rel}","templated":true}]}}