{"id":4168,"date":"2024-01-24T12:48:36","date_gmt":"2024-01-24T12:48:36","guid":{"rendered":"https:\/\/premiumkazan.hu\/?post_type=product&#038;p=4168"},"modified":"2024-01-24T15:53:57","modified_gmt":"2024-01-24T15:53:57","slug":"alfatherm-27-szilardtuzelesu-kazan","status":"publish","type":"product","link":"https:\/\/premiumkazan.hu\/en\/product\/alfatherm-27-szilardtuzelesu-kazan\/","title":{"rendered":"ALFATHERM 27 szil\u00e1rdt\u00fczel\u00e9s\u0171 kaz\u00e1n 27kW"},"content":{"rendered":"<h5>ALFATHERM 27 szil\u00e1rdt\u00fczel\u00e9s\u0171 kaz\u00e1n<\/h5>\n<h6>Szil\u00e1rd t\u00fczel\u0151anyagok el\u00e9get\u00e9s\u00e9re k\u00e9sz\u00fclt, \u00edgy alkalmas k\u00fcl\u00f6nf\u00e9le t\u0171zifa, fahullad\u00e9k, \u00e1gnyesed\u00e9k el\u00e9get\u00e9s\u00e9re.<\/h6>\n<h6>A kaz\u00e1nra jellemz\u0151 a k\u00f6nny\u0171 kezelhet\u0151s\u00e9g, nagym\u00e9ret\u0171 t\u0171zt\u00e9r ajt\u00f3, a hamut\u00e9r alatt is elhelyezked\u0151 v\u00edzt\u00e9r.<\/h6>\n<p>&nbsp;<\/p>\n<p style=\"text-align: left;\">","protected":false},"excerpt":{"rendered":"<h4>ALFATHERM 27\u00a0 szil\u00e1rdt\u00fczel\u00e9s\u0171 kaz\u00e1n 27kW<\/h4>\n<h5>Energiahat\u00e9konys\u00e1gi oszt\u00e1ly:\u00a0 A+<\/h5>\n<h6><\/h6>\n<p>&nbsp;<\/p>\n<h6>Melegv\u00edz \u00fczem\u0171 f\u0171t\u00e9si rendszerhez lett kifejlesztve.<\/h6>\n<h5>\u00a0 \u00a0 \u00a0 \u00a0Jellemz\u0151i:<\/h5>\n<ul>\n<li>\n<h5>k\u00f6nny\u0171 kezelhet\u0151s\u00e9g,<\/h5>\n<\/li>\n<li>\n<h5>nagy m\u00e9ret\u0171 t\u0171zt\u00e9r ajt\u00f3,<\/h5>\n<\/li>\n<li>\n<h5>a hamut\u00e9r alatt is elhelyezked\u0151 v\u00edzt\u00e9r .<\/h5>\n<\/li>\n<\/ul>\n<h6>Alkalmas csal\u00e1di h\u00e1zak, m\u0171helyek, k\u00fcl\u00f6nb\u00f6z\u0151 gazdas\u00e1gi \u00e9p\u00fcletek, mez\u0151gazdas\u00e1gi \u00fczemcsarnokok, \u00fcvegh\u00e1zak szivatty\u00fas f\u0171t\u00e9s\u00e9re.<\/h6>","protected":false},"featured_media":4608,"comment_status":"open","ping_status":"closed","template":"","meta":{"_themeisle_gutenberg_block_has_review":false},"product_brand":[],"product_cat":[132],"product_tag":[],"class_list":{"0":"post-4168","1":"product","2":"type-product","3":"status-publish","4":"has-post-thumbnail","6":"product_cat-szilardtuzelesu-kazan","7":"product_shipping_class-ingyenes-szallitas","9":"first","10":"outofstock","11":"sale","12":"taxable","13":"shipping-taxable","14":"purchasable","15":"product-type-simple"},"_links":{"self":[{"href":"https:\/\/premiumkazan.hu\/en\/wp-json\/wp\/v2\/product\/4168","targetHints":{"allow":["GET"]}}],"collection":[{"href":"https:\/\/premiumkazan.hu\/en\/wp-json\/wp\/v2\/product"}],"about":[{"href":"https:\/\/premiumkazan.hu\/en\/wp-json\/wp\/v2\/types\/product"}],"replies":[{"embeddable":true,"href":"https:\/\/premiumkazan.hu\/en\/wp-json\/wp\/v2\/comments?post=4168"}],"wp:featuredmedia":[{"embeddable":true,"href":"https:\/\/premiumkazan.hu\/en\/wp-json\/wp\/v2\/media\/4608"}],"wp:attachment":[{"href":"https:\/\/premiumkazan.hu\/en\/wp-json\/wp\/v2\/media?parent=4168"}],"wp:term":[{"taxonomy":"product_brand","embeddable":true,"href":"https:\/\/premiumkazan.hu\/en\/wp-json\/wp\/v2\/product_brand?post=4168"},{"taxonomy":"product_cat","embeddable":true,"href":"https:\/\/premiumkazan.hu\/en\/wp-json\/wp\/v2\/product_cat?post=4168"},{"taxonomy":"product_tag","embeddable":true,"href":"https:\/\/premiumkazan.hu\/en\/wp-json\/wp\/v2\/product_tag?post=4168"}],"curies":[{"name":"wp","href":"https:\/\/api.w.org\/{rel}","templated":true}]}}