{"id":3829,"date":"2023-03-13T14:45:29","date_gmt":"2023-03-13T14:45:29","guid":{"rendered":"https:\/\/premiumkazan.hu\/?post_type=product&#038;p=3829"},"modified":"2025-10-02T11:08:20","modified_gmt":"2025-10-02T11:08:20","slug":"oszto-gyujto-szekreny-falon-beluli-fb-2","status":"publish","type":"product","link":"https:\/\/premiumkazan.hu\/en\/product\/oszto-gyujto-szekreny-falon-beluli-fb-2\/","title":{"rendered":"Padl\u00f3f\u0171t\u00e9s oszt\u00f3-gy\u0171jt\u0151 szekr\u00e9ny falon bel\u00fcli FB2"},"content":{"rendered":"<h3>Oszt\u00f3-gy\u0171jt\u0151 szekr\u00e9ny falon bel\u00fcli FB2<\/h3>","protected":false},"excerpt":{"rendered":"<h4>Oszt\u00f3-gy\u0171jt\u0151 szekr\u00e9ny falon bel\u00fcli\u00a0 FB2 ,<\/h4>\n<h4>4 &#8211; 8 f\u0171t\u00e9sk\u00f6rh\u00f6z<\/h4>","protected":false},"featured_media":3180,"comment_status":"open","ping_status":"closed","template":"","meta":{"_themeisle_gutenberg_block_has_review":false},"product_brand":[],"product_cat":[136],"product_tag":[],"class_list":{"0":"post-3829","1":"product","2":"type-product","3":"status-publish","4":"has-post-thumbnail","6":"product_cat-elosztoszekreny","8":"first","9":"outofstock","10":"taxable","11":"shipping-taxable","12":"purchasable","13":"product-type-simple"},"_links":{"self":[{"href":"https:\/\/premiumkazan.hu\/en\/wp-json\/wp\/v2\/product\/3829","targetHints":{"allow":["GET"]}}],"collection":[{"href":"https:\/\/premiumkazan.hu\/en\/wp-json\/wp\/v2\/product"}],"about":[{"href":"https:\/\/premiumkazan.hu\/en\/wp-json\/wp\/v2\/types\/product"}],"replies":[{"embeddable":true,"href":"https:\/\/premiumkazan.hu\/en\/wp-json\/wp\/v2\/comments?post=3829"}],"wp:featuredmedia":[{"embeddable":true,"href":"https:\/\/premiumkazan.hu\/en\/wp-json\/wp\/v2\/media\/3180"}],"wp:attachment":[{"href":"https:\/\/premiumkazan.hu\/en\/wp-json\/wp\/v2\/media?parent=3829"}],"wp:term":[{"taxonomy":"product_brand","embeddable":true,"href":"https:\/\/premiumkazan.hu\/en\/wp-json\/wp\/v2\/product_brand?post=3829"},{"taxonomy":"product_cat","embeddable":true,"href":"https:\/\/premiumkazan.hu\/en\/wp-json\/wp\/v2\/product_cat?post=3829"},{"taxonomy":"product_tag","embeddable":true,"href":"https:\/\/premiumkazan.hu\/en\/wp-json\/wp\/v2\/product_tag?post=3829"}],"curies":[{"name":"wp","href":"https:\/\/api.w.org\/{rel}","templated":true}]}}