{"id":3111,"date":"2022-10-13T13:28:17","date_gmt":"2022-10-13T13:28:17","guid":{"rendered":"https:\/\/premiumkazan.fazekas.wdsite.hu\/?post_type=product&#038;p=3111"},"modified":"2024-12-03T11:13:03","modified_gmt":"2024-12-03T11:13:03","slug":"100-250-acel-pelletes-fustcso","status":"publish","type":"product","link":"https:\/\/premiumkazan.hu\/en\/product\/100-250-acel-pelletes-fustcso\/","title":{"rendered":"\u00d8100\/250 Ac\u00e9l pelletes f\u00fcstcs\u0151"},"content":{"rendered":"<h5>Ac\u00e9l pelletes f\u00fcstcs\u0151 \u00f8 100\/250-es m\u00e9retben<\/h5>","protected":false},"excerpt":{"rendered":"<h5>Ac\u00e9l pelletes f\u00fcstcs\u0151 \u00f8 100\/250-es m\u00e9retben<\/h5>","protected":false},"featured_media":3920,"comment_status":"open","ping_status":"closed","template":"","meta":{"_themeisle_gutenberg_block_has_review":false},"product_brand":[],"product_cat":[159],"product_tag":[],"class_list":{"0":"post-3111","1":"product","2":"type-product","3":"status-publish","4":"has-post-thumbnail","6":"product_cat-pellet-csovek","8":"first","9":"instock","10":"sale","11":"taxable","12":"shipping-taxable","13":"purchasable","14":"product-type-simple"},"_links":{"self":[{"href":"https:\/\/premiumkazan.hu\/en\/wp-json\/wp\/v2\/product\/3111","targetHints":{"allow":["GET"]}}],"collection":[{"href":"https:\/\/premiumkazan.hu\/en\/wp-json\/wp\/v2\/product"}],"about":[{"href":"https:\/\/premiumkazan.hu\/en\/wp-json\/wp\/v2\/types\/product"}],"replies":[{"embeddable":true,"href":"https:\/\/premiumkazan.hu\/en\/wp-json\/wp\/v2\/comments?post=3111"}],"wp:featuredmedia":[{"embeddable":true,"href":"https:\/\/premiumkazan.hu\/en\/wp-json\/wp\/v2\/media\/3920"}],"wp:attachment":[{"href":"https:\/\/premiumkazan.hu\/en\/wp-json\/wp\/v2\/media?parent=3111"}],"wp:term":[{"taxonomy":"product_brand","embeddable":true,"href":"https:\/\/premiumkazan.hu\/en\/wp-json\/wp\/v2\/product_brand?post=3111"},{"taxonomy":"product_cat","embeddable":true,"href":"https:\/\/premiumkazan.hu\/en\/wp-json\/wp\/v2\/product_cat?post=3111"},{"taxonomy":"product_tag","embeddable":true,"href":"https:\/\/premiumkazan.hu\/en\/wp-json\/wp\/v2\/product_tag?post=3111"}],"curies":[{"name":"wp","href":"https:\/\/api.w.org\/{rel}","templated":true}]}}