{"id":3102,"date":"2022-10-13T13:22:07","date_gmt":"2022-10-13T13:22:07","guid":{"rendered":"https:\/\/premiumkazan.fazekas.wdsite.hu\/?post_type=product&#038;p=3102"},"modified":"2024-12-03T10:20:54","modified_gmt":"2024-12-03T10:20:54","slug":"pellet-cso-80-45-tisztitonyilassal","status":"publish","type":"product","link":"https:\/\/premiumkazan.hu\/en\/product\/pellet-cso-80-45-tisztitonyilassal\/","title":{"rendered":"Pellet k\u00f6ny\u00f6k \u00d8 80\/45 tiszt\u00edt\u00f3ny\u00edl\u00e1ssal"},"content":{"rendered":"<h5>Pellet k\u00f6ny\u00f6k \u00f8 80\/45-\u00f6s m\u00e9retben,\u00a0 tiszt\u00edt\u00f3ny\u00edl\u00e1ssal<\/h5>","protected":false},"excerpt":{"rendered":"<h5>Pellet k\u00f6ny\u00f6k \u00f8 80\/45-\u00f6s m\u00e9retben,\u00a0 tiszt\u00edt\u00f3ny\u00edl\u00e1ssal<\/h5>","protected":false},"featured_media":3933,"comment_status":"open","ping_status":"closed","template":"","meta":{"_themeisle_gutenberg_block_has_review":false},"product_brand":[],"product_cat":[159],"product_tag":[],"class_list":{"0":"post-3102","1":"product","2":"type-product","3":"status-publish","4":"has-post-thumbnail","6":"product_cat-pellet-csovek","8":"first","9":"outofstock","10":"sale","11":"taxable","12":"shipping-taxable","13":"purchasable","14":"product-type-simple"},"_links":{"self":[{"href":"https:\/\/premiumkazan.hu\/en\/wp-json\/wp\/v2\/product\/3102","targetHints":{"allow":["GET"]}}],"collection":[{"href":"https:\/\/premiumkazan.hu\/en\/wp-json\/wp\/v2\/product"}],"about":[{"href":"https:\/\/premiumkazan.hu\/en\/wp-json\/wp\/v2\/types\/product"}],"replies":[{"embeddable":true,"href":"https:\/\/premiumkazan.hu\/en\/wp-json\/wp\/v2\/comments?post=3102"}],"wp:featuredmedia":[{"embeddable":true,"href":"https:\/\/premiumkazan.hu\/en\/wp-json\/wp\/v2\/media\/3933"}],"wp:attachment":[{"href":"https:\/\/premiumkazan.hu\/en\/wp-json\/wp\/v2\/media?parent=3102"}],"wp:term":[{"taxonomy":"product_brand","embeddable":true,"href":"https:\/\/premiumkazan.hu\/en\/wp-json\/wp\/v2\/product_brand?post=3102"},{"taxonomy":"product_cat","embeddable":true,"href":"https:\/\/premiumkazan.hu\/en\/wp-json\/wp\/v2\/product_cat?post=3102"},{"taxonomy":"product_tag","embeddable":true,"href":"https:\/\/premiumkazan.hu\/en\/wp-json\/wp\/v2\/product_tag?post=3102"}],"curies":[{"name":"wp","href":"https:\/\/api.w.org\/{rel}","templated":true}]}}