{"id":2974,"date":"2024-02-05T13:50:57","date_gmt":"2024-02-05T13:50:57","guid":{"rendered":"https:\/\/premiumkazan.fazekas.wdsite.hu\/?post_type=product&#038;p=2974"},"modified":"2024-02-05T14:16:34","modified_gmt":"2024-02-05T14:16:34","slug":"allithato-tartobilincs-130-mm","status":"publish","type":"product","link":"https:\/\/premiumkazan.hu\/en\/product\/allithato-tartobilincs-130-mm\/","title":{"rendered":"\u00c1ll\u00edthat\u00f3 tart\u00f3bilincs 130 mm"},"content":{"rendered":"<p>\u00c1ll\u00edthat\u00f3 tart\u00f3bilincs 130 mm-es m\u00e9retben.<\/p>\n<p style=\"text-align: left;\">F\u00e9m, merev cs\u0151\u00f6sszek\u00f6t\u0151 elem.<br \/>\nElektrosztatikus porfest\u0151 elj\u00e1r\u00e1ssal fel\u00fcletkezelve, hossz\u00fa \u00e9lettartam\u00fa, hideg alak\u00edt\u00e1ssal k\u00e9sz\u00fclt hegesztett idom.<br \/>\nFelhaszn\u00e1l\u00e1si h\u0151m\u00e9rs\u00e9klet: max. 600 \u00b0C<br \/>\n\u00c1tlagos \u00e9rdess\u00e9g: 0,6 mm<br \/>\nH\u0151sokkal szembeni ellen\u00e1ll\u00e1s: igen<br \/>\nJ\u00e9ggel \u00e9s olvad\u00e9k\u00e1val szembeni ellen\u00e1ll\u00f3k\u00e9pess\u00e9g: igen<\/p>\n<p>&nbsp;<\/p>","protected":false},"excerpt":{"rendered":"<p>\u00c1ll\u00edthat\u00f3 tart\u00f3bilincs 130 mm-es m\u00e9retben<\/p>","protected":false},"featured_media":4886,"comment_status":"open","ping_status":"closed","template":"","meta":{"_themeisle_gutenberg_block_has_review":false},"product_brand":[],"product_cat":[134],"product_tag":[],"class_list":{"0":"post-2974","1":"product","2":"type-product","3":"status-publish","4":"has-post-thumbnail","6":"product_cat-fustcso","8":"first","9":"instock","10":"sale","11":"taxable","12":"shipping-taxable","13":"purchasable","14":"product-type-simple"},"_links":{"self":[{"href":"https:\/\/premiumkazan.hu\/en\/wp-json\/wp\/v2\/product\/2974","targetHints":{"allow":["GET"]}}],"collection":[{"href":"https:\/\/premiumkazan.hu\/en\/wp-json\/wp\/v2\/product"}],"about":[{"href":"https:\/\/premiumkazan.hu\/en\/wp-json\/wp\/v2\/types\/product"}],"replies":[{"embeddable":true,"href":"https:\/\/premiumkazan.hu\/en\/wp-json\/wp\/v2\/comments?post=2974"}],"wp:featuredmedia":[{"embeddable":true,"href":"https:\/\/premiumkazan.hu\/en\/wp-json\/wp\/v2\/media\/4886"}],"wp:attachment":[{"href":"https:\/\/premiumkazan.hu\/en\/wp-json\/wp\/v2\/media?parent=2974"}],"wp:term":[{"taxonomy":"product_brand","embeddable":true,"href":"https:\/\/premiumkazan.hu\/en\/wp-json\/wp\/v2\/product_brand?post=2974"},{"taxonomy":"product_cat","embeddable":true,"href":"https:\/\/premiumkazan.hu\/en\/wp-json\/wp\/v2\/product_cat?post=2974"},{"taxonomy":"product_tag","embeddable":true,"href":"https:\/\/premiumkazan.hu\/en\/wp-json\/wp\/v2\/product_tag?post=2974"}],"curies":[{"name":"wp","href":"https:\/\/api.w.org\/{rel}","templated":true}]}}