{"id":5439,"date":"2025-11-10T07:33:09","date_gmt":"2025-11-10T07:33:09","guid":{"rendered":"https:\/\/premiumkazan.hu\/?post_type=product&#038;p=5439"},"modified":"2025-11-10T09:05:50","modified_gmt":"2025-11-10T09:05:50","slug":"kandallo-alatet-lemez-ives-980-x-800-mm","status":"publish","type":"product","link":"https:\/\/premiumkazan.hu\/de\/produkt\/kandallo-alatet-lemez-ives-980-x-800-mm\/","title":{"rendered":"Kandall\u00f3 al\u00e1t\u00e9t lemez, \u00edves 980 x 800 mm"},"content":{"rendered":"<p>Kandall\u00f3 al\u00e1t\u00e9t lemez, \u00edves 980 x 800 mm<\/p>\n<p>&nbsp;<\/p>","protected":false},"excerpt":{"rendered":"<h5>Kandall\u00f3, k\u00e1lyha, t\u0171zhely al\u00e1 &#8211; el\u00e9 helyezhet\u0151, h\u0151\u00e1ll\u00f3 fest\u00e9kkel bevont lemez, mely megv\u00e9di a padl\u00f3burkolatot a kipattan\u00f3 szikr\u00e1t\u00f3l, par\u00e1zst\u00f3l, hamut\u00f3l.<\/h5>\n<p>&nbsp;<\/p>\n<p>&nbsp;<\/p>\n<p>&nbsp;<\/p>","protected":false},"featured_media":5442,"comment_status":"open","ping_status":"closed","template":"","meta":{"_themeisle_gutenberg_block_has_review":false},"product_brand":[],"product_cat":[295],"product_tag":[],"class_list":{"0":"post-5439","1":"product","2":"type-product","3":"status-publish","4":"has-post-thumbnail","6":"product_cat-tovabbi-kiegeszitok","8":"first","9":"instock","10":"taxable","11":"shipping-taxable","12":"purchasable","13":"product-type-simple"},"_links":{"self":[{"href":"https:\/\/premiumkazan.hu\/de\/wp-json\/wp\/v2\/product\/5439","targetHints":{"allow":["GET"]}}],"collection":[{"href":"https:\/\/premiumkazan.hu\/de\/wp-json\/wp\/v2\/product"}],"about":[{"href":"https:\/\/premiumkazan.hu\/de\/wp-json\/wp\/v2\/types\/product"}],"replies":[{"embeddable":true,"href":"https:\/\/premiumkazan.hu\/de\/wp-json\/wp\/v2\/comments?post=5439"}],"wp:featuredmedia":[{"embeddable":true,"href":"https:\/\/premiumkazan.hu\/de\/wp-json\/wp\/v2\/media\/5442"}],"wp:attachment":[{"href":"https:\/\/premiumkazan.hu\/de\/wp-json\/wp\/v2\/media?parent=5439"}],"wp:term":[{"taxonomy":"product_brand","embeddable":true,"href":"https:\/\/premiumkazan.hu\/de\/wp-json\/wp\/v2\/product_brand?post=5439"},{"taxonomy":"product_cat","embeddable":true,"href":"https:\/\/premiumkazan.hu\/de\/wp-json\/wp\/v2\/product_cat?post=5439"},{"taxonomy":"product_tag","embeddable":true,"href":"https:\/\/premiumkazan.hu\/de\/wp-json\/wp\/v2\/product_tag?post=5439"}],"curies":[{"name":"wp","href":"https:\/\/api.w.org\/{rel}","templated":true}]}}