{"id":5343,"date":"2025-06-02T12:38:00","date_gmt":"2025-06-02T12:38:00","guid":{"rendered":"https:\/\/premiumkazan.hu\/?post_type=product&#038;p=5343"},"modified":"2025-07-23T07:53:56","modified_gmt":"2025-07-23T07:53:56","slug":"acel-pelletes-szukito-bovito-idom-o80-130mm","status":"publish","type":"product","link":"https:\/\/premiumkazan.hu\/de\/produkt\/acel-pelletes-szukito-bovito-idom-o80-130mm\/","title":{"rendered":"Ac\u00e9l pelletes sz\u0171k\u00edt\u0151-b\u0151v\u00edt\u0151 idom \u00f880\/130mm"},"content":{"rendered":"<h5>\u00a0Ac\u00e9l pelletes sz\u0171k\u00edt\u0151-b\u0151v\u00edt\u0151 idom\u00a0 \u00f8 80\/130 mm<\/h5>\n<h5><\/h5>","protected":false},"excerpt":{"rendered":"<h5>Ac\u00e9l pelletes sz\u0171k\u00edt\u0151-b\u0151v\u00edt\u0151 idom\u00a0 \u00f8 80\/130 mm<\/h5>","protected":false},"featured_media":4939,"comment_status":"open","ping_status":"closed","template":"","meta":{"_themeisle_gutenberg_block_has_review":false},"product_brand":[],"product_cat":[159],"product_tag":[],"class_list":{"0":"post-5343","1":"product","2":"type-product","3":"status-publish","4":"has-post-thumbnail","6":"product_cat-pellet-csovek","8":"first","9":"instock","10":"sale","11":"taxable","12":"shipping-taxable","13":"purchasable","14":"product-type-simple"},"_links":{"self":[{"href":"https:\/\/premiumkazan.hu\/de\/wp-json\/wp\/v2\/product\/5343","targetHints":{"allow":["GET"]}}],"collection":[{"href":"https:\/\/premiumkazan.hu\/de\/wp-json\/wp\/v2\/product"}],"about":[{"href":"https:\/\/premiumkazan.hu\/de\/wp-json\/wp\/v2\/types\/product"}],"replies":[{"embeddable":true,"href":"https:\/\/premiumkazan.hu\/de\/wp-json\/wp\/v2\/comments?post=5343"}],"wp:featuredmedia":[{"embeddable":true,"href":"https:\/\/premiumkazan.hu\/de\/wp-json\/wp\/v2\/media\/4939"}],"wp:attachment":[{"href":"https:\/\/premiumkazan.hu\/de\/wp-json\/wp\/v2\/media?parent=5343"}],"wp:term":[{"taxonomy":"product_brand","embeddable":true,"href":"https:\/\/premiumkazan.hu\/de\/wp-json\/wp\/v2\/product_brand?post=5343"},{"taxonomy":"product_cat","embeddable":true,"href":"https:\/\/premiumkazan.hu\/de\/wp-json\/wp\/v2\/product_cat?post=5343"},{"taxonomy":"product_tag","embeddable":true,"href":"https:\/\/premiumkazan.hu\/de\/wp-json\/wp\/v2\/product_tag?post=5343"}],"curies":[{"name":"wp","href":"https:\/\/api.w.org\/{rel}","templated":true}]}}