{"id":5093,"date":"2024-09-26T11:09:58","date_gmt":"2024-09-26T11:09:58","guid":{"rendered":"https:\/\/premiumkazan.hu\/?post_type=product&#038;p=5093"},"modified":"2024-09-26T11:16:42","modified_gmt":"2024-09-26T11:16:42","slug":"fustcso-szukito-fekete-200-130-mm","status":"publish","type":"product","link":"https:\/\/premiumkazan.hu\/de\/produkt\/fustcso-szukito-fekete-200-130-mm\/","title":{"rendered":"F\u00fcstcs\u0151 sz\u0171k\u00edt\u0151 fekete 200\/130 mm"},"content":{"rendered":"<p>F\u00fcstcs\u0151 sz\u0171k\u00edt\u0151 fekete 200\/130 mm<\/p>\n<p>F\u00e9m, merev cs\u0151\u00f6sszek\u00f6t\u0151 elem.<br \/>\nElektrosztatikus porfest\u0151 elj\u00e1r\u00e1ssal fel\u00fcletkezelve, hossz\u00fa \u00e9lettartam\u00fa, hideg alak\u00edt\u00e1ssal k\u00e9sz\u00fclt hegesztett idom.<br \/>\nFelhaszn\u00e1l\u00e1si h\u0151m\u00e9rs\u00e9klet: max. 600 \u00b0C<br \/>\n\u00c1tlagos \u00e9rdess\u00e9g: 0,6 mm<br \/>\nH\u0151sokkal szembeni ellen\u00e1ll\u00e1s: igen<\/p>\n<p>J\u00e9ggel \u00e9s olvad\u00e9k\u00e1val szembeni ellen\u00e1ll\u00f3k\u00e9pess\u00e9g: igen<\/p>\n<p>&nbsp;<\/p>","protected":false},"excerpt":{"rendered":"<h5>F\u00fcstcs\u0151 sz\u0171k\u00edt\u0151 fekete 200\/130 mm<\/h5>","protected":false},"featured_media":5084,"comment_status":"open","ping_status":"closed","template":"","meta":{"_themeisle_gutenberg_block_has_review":false},"product_brand":[],"product_cat":[134],"product_tag":[],"class_list":{"0":"post-5093","1":"product","2":"type-product","3":"status-publish","4":"has-post-thumbnail","6":"product_cat-fustcso","8":"first","9":"instock","10":"sale","11":"taxable","12":"shipping-taxable","13":"purchasable","14":"product-type-simple"},"_links":{"self":[{"href":"https:\/\/premiumkazan.hu\/de\/wp-json\/wp\/v2\/product\/5093","targetHints":{"allow":["GET"]}}],"collection":[{"href":"https:\/\/premiumkazan.hu\/de\/wp-json\/wp\/v2\/product"}],"about":[{"href":"https:\/\/premiumkazan.hu\/de\/wp-json\/wp\/v2\/types\/product"}],"replies":[{"embeddable":true,"href":"https:\/\/premiumkazan.hu\/de\/wp-json\/wp\/v2\/comments?post=5093"}],"wp:featuredmedia":[{"embeddable":true,"href":"https:\/\/premiumkazan.hu\/de\/wp-json\/wp\/v2\/media\/5084"}],"wp:attachment":[{"href":"https:\/\/premiumkazan.hu\/de\/wp-json\/wp\/v2\/media?parent=5093"}],"wp:term":[{"taxonomy":"product_brand","embeddable":true,"href":"https:\/\/premiumkazan.hu\/de\/wp-json\/wp\/v2\/product_brand?post=5093"},{"taxonomy":"product_cat","embeddable":true,"href":"https:\/\/premiumkazan.hu\/de\/wp-json\/wp\/v2\/product_cat?post=5093"},{"taxonomy":"product_tag","embeddable":true,"href":"https:\/\/premiumkazan.hu\/de\/wp-json\/wp\/v2\/product_tag?post=5093"}],"curies":[{"name":"wp","href":"https:\/\/api.w.org\/{rel}","templated":true}]}}