{"id":5010,"date":"2025-07-01T09:03:16","date_gmt":"2025-07-01T09:03:16","guid":{"rendered":"https:\/\/premiumkazan.hu\/?post_type=product&#038;p=5010"},"modified":"2025-11-07T12:13:04","modified_gmt":"2025-11-07T12:13:04","slug":"kandallo-uveg-350-x-290-mm","status":"publish","type":"product","link":"https:\/\/premiumkazan.hu\/de\/produkt\/kandallo-uveg-350-x-290-mm\/","title":{"rendered":"Kandall\u00f3 \u00fcveg  350 x 290 mm"},"content":{"rendered":"<h4>H\u0151\u00e1ll\u00f3 kandall\u00f3 \u00fcveg\u00a0 350 mm\u00a0 x\u00a0 290 mm<\/h4>\n<p>&nbsp;<\/p>\n<h5><\/h5>","protected":false},"excerpt":{"rendered":"<h5>Kandall\u00f3 \u00fcveg<\/h5>\n<h6>4 mm vastag h\u0151\u00e1ll\u00f3 \u00fcveg &#8211; magas h\u0151m\u00e9rs\u00e9klet\u0171 z\u00e1rt \u00e9g\u00e9sterek elk\u00fcl\u00f6n\u00edt\u00e9s\u00e9re szolg\u00e1l<\/h6>\n<h6><\/h6>","protected":false},"featured_media":5013,"comment_status":"open","ping_status":"closed","template":"","meta":{"_themeisle_gutenberg_block_has_review":false},"product_brand":[],"product_cat":[295],"product_tag":[],"class_list":{"0":"post-5010","1":"product","2":"type-product","3":"status-publish","4":"has-post-thumbnail","6":"product_cat-tovabbi-kiegeszitok","8":"first","9":"instock","10":"sale","11":"taxable","12":"shipping-taxable","13":"purchasable","14":"product-type-simple"},"_links":{"self":[{"href":"https:\/\/premiumkazan.hu\/de\/wp-json\/wp\/v2\/product\/5010","targetHints":{"allow":["GET"]}}],"collection":[{"href":"https:\/\/premiumkazan.hu\/de\/wp-json\/wp\/v2\/product"}],"about":[{"href":"https:\/\/premiumkazan.hu\/de\/wp-json\/wp\/v2\/types\/product"}],"replies":[{"embeddable":true,"href":"https:\/\/premiumkazan.hu\/de\/wp-json\/wp\/v2\/comments?post=5010"}],"wp:featuredmedia":[{"embeddable":true,"href":"https:\/\/premiumkazan.hu\/de\/wp-json\/wp\/v2\/media\/5013"}],"wp:attachment":[{"href":"https:\/\/premiumkazan.hu\/de\/wp-json\/wp\/v2\/media?parent=5010"}],"wp:term":[{"taxonomy":"product_brand","embeddable":true,"href":"https:\/\/premiumkazan.hu\/de\/wp-json\/wp\/v2\/product_brand?post=5010"},{"taxonomy":"product_cat","embeddable":true,"href":"https:\/\/premiumkazan.hu\/de\/wp-json\/wp\/v2\/product_cat?post=5010"},{"taxonomy":"product_tag","embeddable":true,"href":"https:\/\/premiumkazan.hu\/de\/wp-json\/wp\/v2\/product_tag?post=5010"}],"curies":[{"name":"wp","href":"https:\/\/api.w.org\/{rel}","templated":true}]}}