{"id":5004,"date":"2025-07-01T09:09:42","date_gmt":"2025-07-01T09:09:42","guid":{"rendered":"https:\/\/premiumkazan.hu\/?post_type=product&#038;p=5004"},"modified":"2026-02-17T15:03:55","modified_gmt":"2026-02-17T15:03:55","slug":"dt-6-rostely","status":"publish","type":"product","link":"https:\/\/premiumkazan.hu\/de\/produkt\/dt-6-rostely\/","title":{"rendered":"DT-6 rost\u00e9ly cser\u00e9pk\u00e1lyh\u00e1hoz"},"content":{"rendered":"<h4>DT-6 rost\u00e9ly cser\u00e9pk\u00e1lyh\u00e1hoz<\/h4>","protected":false},"excerpt":{"rendered":"<h5>DT-6 rost\u00e9ly cser\u00e9pk\u00e1lyh\u00e1hoz<\/h5>\n<h6>230 mm x 310 mm x 20 mm<\/h6>","protected":false},"featured_media":5006,"comment_status":"open","ping_status":"closed","template":"","meta":{"_themeisle_gutenberg_block_has_review":false},"product_brand":[],"product_cat":[295],"product_tag":[],"class_list":{"0":"post-5004","1":"product","2":"type-product","3":"status-publish","4":"has-post-thumbnail","6":"product_cat-tovabbi-kiegeszitok","8":"first","9":"instock","10":"sale","11":"taxable","12":"shipping-taxable","13":"purchasable","14":"product-type-simple"},"_links":{"self":[{"href":"https:\/\/premiumkazan.hu\/de\/wp-json\/wp\/v2\/product\/5004","targetHints":{"allow":["GET"]}}],"collection":[{"href":"https:\/\/premiumkazan.hu\/de\/wp-json\/wp\/v2\/product"}],"about":[{"href":"https:\/\/premiumkazan.hu\/de\/wp-json\/wp\/v2\/types\/product"}],"replies":[{"embeddable":true,"href":"https:\/\/premiumkazan.hu\/de\/wp-json\/wp\/v2\/comments?post=5004"}],"wp:featuredmedia":[{"embeddable":true,"href":"https:\/\/premiumkazan.hu\/de\/wp-json\/wp\/v2\/media\/5006"}],"wp:attachment":[{"href":"https:\/\/premiumkazan.hu\/de\/wp-json\/wp\/v2\/media?parent=5004"}],"wp:term":[{"taxonomy":"product_brand","embeddable":true,"href":"https:\/\/premiumkazan.hu\/de\/wp-json\/wp\/v2\/product_brand?post=5004"},{"taxonomy":"product_cat","embeddable":true,"href":"https:\/\/premiumkazan.hu\/de\/wp-json\/wp\/v2\/product_cat?post=5004"},{"taxonomy":"product_tag","embeddable":true,"href":"https:\/\/premiumkazan.hu\/de\/wp-json\/wp\/v2\/product_tag?post=5004"}],"curies":[{"name":"wp","href":"https:\/\/api.w.org\/{rel}","templated":true}]}}