{"id":5000,"date":"2025-07-01T09:11:21","date_gmt":"2025-07-01T09:11:21","guid":{"rendered":"https:\/\/premiumkazan.hu\/?post_type=product&#038;p=5000"},"modified":"2025-07-01T10:10:10","modified_gmt":"2025-07-01T10:10:10","slug":"fk-19-rostely-hoterm-kazanhoz","status":"publish","type":"product","link":"https:\/\/premiumkazan.hu\/de\/produkt\/fk-19-rostely-hoterm-kazanhoz\/","title":{"rendered":"FK-19 rost\u00e9ly H\u0151term kaz\u00e1nhoz"},"content":{"rendered":"<h4>FK-19 rost\u00e9ly H\u0151term kaz\u00e1nhoz<\/h4>","protected":false},"excerpt":{"rendered":"<h5>FK-19 \u00f6ntv\u00e9ny rost\u00e9ly H\u0151term kaz\u00e1nhoz<\/h5>\n<h6>300 mm x 53 mm x 20 mm<\/h6>\n<h5><\/h5>","protected":false},"featured_media":5001,"comment_status":"open","ping_status":"closed","template":"","meta":{"_themeisle_gutenberg_block_has_review":false},"product_brand":[],"product_cat":[295],"product_tag":[],"class_list":{"0":"post-5000","1":"product","2":"type-product","3":"status-publish","4":"has-post-thumbnail","6":"product_cat-tovabbi-kiegeszitok","8":"first","9":"instock","10":"sale","11":"taxable","12":"shipping-taxable","13":"purchasable","14":"product-type-simple"},"_links":{"self":[{"href":"https:\/\/premiumkazan.hu\/de\/wp-json\/wp\/v2\/product\/5000","targetHints":{"allow":["GET"]}}],"collection":[{"href":"https:\/\/premiumkazan.hu\/de\/wp-json\/wp\/v2\/product"}],"about":[{"href":"https:\/\/premiumkazan.hu\/de\/wp-json\/wp\/v2\/types\/product"}],"replies":[{"embeddable":true,"href":"https:\/\/premiumkazan.hu\/de\/wp-json\/wp\/v2\/comments?post=5000"}],"wp:featuredmedia":[{"embeddable":true,"href":"https:\/\/premiumkazan.hu\/de\/wp-json\/wp\/v2\/media\/5001"}],"wp:attachment":[{"href":"https:\/\/premiumkazan.hu\/de\/wp-json\/wp\/v2\/media?parent=5000"}],"wp:term":[{"taxonomy":"product_brand","embeddable":true,"href":"https:\/\/premiumkazan.hu\/de\/wp-json\/wp\/v2\/product_brand?post=5000"},{"taxonomy":"product_cat","embeddable":true,"href":"https:\/\/premiumkazan.hu\/de\/wp-json\/wp\/v2\/product_cat?post=5000"},{"taxonomy":"product_tag","embeddable":true,"href":"https:\/\/premiumkazan.hu\/de\/wp-json\/wp\/v2\/product_tag?post=5000"}],"curies":[{"name":"wp","href":"https:\/\/api.w.org\/{rel}","templated":true}]}}