{"id":4995,"date":"2025-07-01T09:14:41","date_gmt":"2025-07-01T09:14:41","guid":{"rendered":"https:\/\/premiumkazan.hu\/?post_type=product&#038;p=4995"},"modified":"2025-07-01T09:31:06","modified_gmt":"2025-07-01T09:31:06","slug":"fk-13-rostely-tea-tuzhelyhez","status":"publish","type":"product","link":"https:\/\/premiumkazan.hu\/de\/produkt\/fk-13-rostely-tea-tuzhelyhez\/","title":{"rendered":"FK-13 rost\u00e9ly Tea t\u0171zhelyhez"},"content":{"rendered":"<h4>FK-13 rost\u00e9ly Tea t\u0171zhelyhez<\/h4>\n<h5><\/h5>","protected":false},"excerpt":{"rendered":"<h5>Rost\u00e9ly Tea t\u0171zhelyhez FK-13<\/h5>\n<h6>250 mm x 160 mm x 20 mm<\/h6>","protected":false},"featured_media":4996,"comment_status":"open","ping_status":"closed","template":"","meta":{"_themeisle_gutenberg_block_has_review":false},"product_brand":[],"product_cat":[295],"product_tag":[],"class_list":{"0":"post-4995","1":"product","2":"type-product","3":"status-publish","4":"has-post-thumbnail","6":"product_cat-tovabbi-kiegeszitok","8":"first","9":"instock","10":"sale","11":"taxable","12":"shipping-taxable","13":"purchasable","14":"product-type-simple"},"_links":{"self":[{"href":"https:\/\/premiumkazan.hu\/de\/wp-json\/wp\/v2\/product\/4995","targetHints":{"allow":["GET"]}}],"collection":[{"href":"https:\/\/premiumkazan.hu\/de\/wp-json\/wp\/v2\/product"}],"about":[{"href":"https:\/\/premiumkazan.hu\/de\/wp-json\/wp\/v2\/types\/product"}],"replies":[{"embeddable":true,"href":"https:\/\/premiumkazan.hu\/de\/wp-json\/wp\/v2\/comments?post=4995"}],"wp:featuredmedia":[{"embeddable":true,"href":"https:\/\/premiumkazan.hu\/de\/wp-json\/wp\/v2\/media\/4996"}],"wp:attachment":[{"href":"https:\/\/premiumkazan.hu\/de\/wp-json\/wp\/v2\/media?parent=4995"}],"wp:term":[{"taxonomy":"product_brand","embeddable":true,"href":"https:\/\/premiumkazan.hu\/de\/wp-json\/wp\/v2\/product_brand?post=4995"},{"taxonomy":"product_cat","embeddable":true,"href":"https:\/\/premiumkazan.hu\/de\/wp-json\/wp\/v2\/product_cat?post=4995"},{"taxonomy":"product_tag","embeddable":true,"href":"https:\/\/premiumkazan.hu\/de\/wp-json\/wp\/v2\/product_tag?post=4995"}],"curies":[{"name":"wp","href":"https:\/\/api.w.org\/{rel}","templated":true}]}}