{"id":4846,"date":"2024-03-25T13:09:24","date_gmt":"2024-03-25T13:09:24","guid":{"rendered":"https:\/\/premiumkazan.hu\/?post_type=product&#038;p=4846"},"modified":"2026-01-08T07:51:57","modified_gmt":"2026-01-08T07:51:57","slug":"acel-pelletes","status":"publish","type":"product","link":"https:\/\/premiumkazan.hu\/de\/produkt\/acel-pelletes\/","title":{"rendered":"Pellet f\u00fcstcs\u0151 \u00d880 T-idom tiszt\u00edt\u00f3ny\u00edl\u00e1ssal"},"content":{"rendered":"<p>Ac\u00e9l pelletes\u00a0 \u00f880-as T-idom tiszt\u00edt\u00f3ny\u00edl\u00e1ssal<\/p>","protected":false},"excerpt":{"rendered":"<p>Pellet cs\u0151 \u00f880-as T-idom tiszt\u00edt\u00f3ny\u00edl\u00e1ssal<\/p>","protected":false},"featured_media":3862,"comment_status":"open","ping_status":"closed","template":"","meta":{"_themeisle_gutenberg_block_has_review":false},"product_brand":[],"product_cat":[159],"product_tag":[],"class_list":{"0":"post-4846","1":"product","2":"type-product","3":"status-publish","4":"has-post-thumbnail","6":"product_cat-pellet-csovek","8":"first","9":"instock","10":"sale","11":"taxable","12":"shipping-taxable","13":"purchasable","14":"product-type-simple"},"_links":{"self":[{"href":"https:\/\/premiumkazan.hu\/de\/wp-json\/wp\/v2\/product\/4846","targetHints":{"allow":["GET"]}}],"collection":[{"href":"https:\/\/premiumkazan.hu\/de\/wp-json\/wp\/v2\/product"}],"about":[{"href":"https:\/\/premiumkazan.hu\/de\/wp-json\/wp\/v2\/types\/product"}],"replies":[{"embeddable":true,"href":"https:\/\/premiumkazan.hu\/de\/wp-json\/wp\/v2\/comments?post=4846"}],"wp:featuredmedia":[{"embeddable":true,"href":"https:\/\/premiumkazan.hu\/de\/wp-json\/wp\/v2\/media\/3862"}],"wp:attachment":[{"href":"https:\/\/premiumkazan.hu\/de\/wp-json\/wp\/v2\/media?parent=4846"}],"wp:term":[{"taxonomy":"product_brand","embeddable":true,"href":"https:\/\/premiumkazan.hu\/de\/wp-json\/wp\/v2\/product_brand?post=4846"},{"taxonomy":"product_cat","embeddable":true,"href":"https:\/\/premiumkazan.hu\/de\/wp-json\/wp\/v2\/product_cat?post=4846"},{"taxonomy":"product_tag","embeddable":true,"href":"https:\/\/premiumkazan.hu\/de\/wp-json\/wp\/v2\/product_tag?post=4846"}],"curies":[{"name":"wp","href":"https:\/\/api.w.org\/{rel}","templated":true}]}}