{"id":3874,"date":"2023-03-16T13:48:00","date_gmt":"2023-03-16T13:48:00","guid":{"rendered":"https:\/\/premiumkazan.hu\/?post_type=product&#038;p=3874"},"modified":"2024-12-03T11:46:13","modified_gmt":"2024-12-03T11:46:13","slug":"o-100-acel-pelletes-falirozsa-masolat","status":"publish","type":"product","link":"https:\/\/premiumkazan.hu\/de\/produkt\/o-100-acel-pelletes-falirozsa-masolat\/","title":{"rendered":"\u00f8100 Ac\u00e9l pelletes falir\u00f3zsa"},"content":{"rendered":"<h5>Ac\u00e9l pelletes falir\u00f3zsa \u00f8 100-as m\u00e9retben<\/h5>","protected":false},"excerpt":{"rendered":"<h5>Ac\u00e9l pelletes falir\u00f3zsa \u00f8 100-as m\u00e9retben<\/h5>","protected":false},"featured_media":3868,"comment_status":"open","ping_status":"closed","template":"","meta":{"_themeisle_gutenberg_block_has_review":false},"product_brand":[],"product_cat":[159],"product_tag":[],"class_list":{"0":"post-3874","1":"product","2":"type-product","3":"status-publish","4":"has-post-thumbnail","6":"product_cat-pellet-csovek","8":"first","9":"instock","10":"taxable","11":"shipping-taxable","12":"purchasable","13":"product-type-simple"},"_links":{"self":[{"href":"https:\/\/premiumkazan.hu\/de\/wp-json\/wp\/v2\/product\/3874","targetHints":{"allow":["GET"]}}],"collection":[{"href":"https:\/\/premiumkazan.hu\/de\/wp-json\/wp\/v2\/product"}],"about":[{"href":"https:\/\/premiumkazan.hu\/de\/wp-json\/wp\/v2\/types\/product"}],"replies":[{"embeddable":true,"href":"https:\/\/premiumkazan.hu\/de\/wp-json\/wp\/v2\/comments?post=3874"}],"wp:featuredmedia":[{"embeddable":true,"href":"https:\/\/premiumkazan.hu\/de\/wp-json\/wp\/v2\/media\/3868"}],"wp:attachment":[{"href":"https:\/\/premiumkazan.hu\/de\/wp-json\/wp\/v2\/media?parent=3874"}],"wp:term":[{"taxonomy":"product_brand","embeddable":true,"href":"https:\/\/premiumkazan.hu\/de\/wp-json\/wp\/v2\/product_brand?post=3874"},{"taxonomy":"product_cat","embeddable":true,"href":"https:\/\/premiumkazan.hu\/de\/wp-json\/wp\/v2\/product_cat?post=3874"},{"taxonomy":"product_tag","embeddable":true,"href":"https:\/\/premiumkazan.hu\/de\/wp-json\/wp\/v2\/product_tag?post=3874"}],"curies":[{"name":"wp","href":"https:\/\/api.w.org\/{rel}","templated":true}]}}