{"id":3826,"date":"2023-03-13T14:22:13","date_gmt":"2023-03-13T14:22:13","guid":{"rendered":"https:\/\/premiumkazan.hu\/?post_type=product&#038;p=3826"},"modified":"2026-03-23T14:25:30","modified_gmt":"2026-03-23T14:25:30","slug":"oszto-gyujto-szekreny-falon-kivuli-fk-3","status":"publish","type":"product","link":"https:\/\/premiumkazan.hu\/de\/produkt\/oszto-gyujto-szekreny-falon-kivuli-fk-3\/","title":{"rendered":"Padl\u00f3f\u0171t\u00e9s oszt\u00f3-gy\u0171jt\u0151 szekr\u00e9ny falon k\u00edv\u00fcli FK3"},"content":{"rendered":"<h3>Oszt\u00f3-gy\u0171jt\u0151 szekr\u00e9ny falon k\u00edv\u00fcli FK3<\/h3>\n<p>&nbsp;<\/p>\n<p>&nbsp;<\/p>\n<p>&nbsp;<\/p>","protected":false},"excerpt":{"rendered":"<h4>Oszt\u00f3-gy\u0171jt\u0151 szekr\u00e9ny falon k\u00edv\u00fcli FK3 ,<\/h4>\n<h4>8 &#8211; 10 f\u0171t\u00e9sk\u00f6rh\u00f6z<\/h4>","protected":false},"featured_media":3189,"comment_status":"open","ping_status":"closed","template":"","meta":{"_themeisle_gutenberg_block_has_review":false},"product_brand":[],"product_cat":[136],"product_tag":[],"class_list":{"0":"post-3826","1":"product","2":"type-product","3":"status-publish","4":"has-post-thumbnail","6":"product_cat-elosztoszekreny","8":"first","9":"instock","10":"taxable","11":"shipping-taxable","12":"purchasable","13":"product-type-simple"},"_links":{"self":[{"href":"https:\/\/premiumkazan.hu\/de\/wp-json\/wp\/v2\/product\/3826","targetHints":{"allow":["GET"]}}],"collection":[{"href":"https:\/\/premiumkazan.hu\/de\/wp-json\/wp\/v2\/product"}],"about":[{"href":"https:\/\/premiumkazan.hu\/de\/wp-json\/wp\/v2\/types\/product"}],"replies":[{"embeddable":true,"href":"https:\/\/premiumkazan.hu\/de\/wp-json\/wp\/v2\/comments?post=3826"}],"wp:featuredmedia":[{"embeddable":true,"href":"https:\/\/premiumkazan.hu\/de\/wp-json\/wp\/v2\/media\/3189"}],"wp:attachment":[{"href":"https:\/\/premiumkazan.hu\/de\/wp-json\/wp\/v2\/media?parent=3826"}],"wp:term":[{"taxonomy":"product_brand","embeddable":true,"href":"https:\/\/premiumkazan.hu\/de\/wp-json\/wp\/v2\/product_brand?post=3826"},{"taxonomy":"product_cat","embeddable":true,"href":"https:\/\/premiumkazan.hu\/de\/wp-json\/wp\/v2\/product_cat?post=3826"},{"taxonomy":"product_tag","embeddable":true,"href":"https:\/\/premiumkazan.hu\/de\/wp-json\/wp\/v2\/product_tag?post=3826"}],"curies":[{"name":"wp","href":"https:\/\/api.w.org\/{rel}","templated":true}]}}