{"id":3623,"date":"2025-07-01T10:25:22","date_gmt":"2025-07-01T10:25:22","guid":{"rendered":"https:\/\/premiumkazan.hu\/?post_type=product&#038;p=3623"},"modified":"2025-11-25T09:27:02","modified_gmt":"2025-11-25T09:27:02","slug":"futesi-puffertartaly-1000-l-800","status":"publish","type":"product","link":"https:\/\/premiumkazan.hu\/de\/produkt\/futesi-puffertartaly-1000-l-800\/","title":{"rendered":"Puffertart\u00e1ly 1000\/800, h\u0151cser\u00e9l\u0151 n\u00e9lk\u00fcl, szigetel\u00e9ssel"},"content":{"rendered":"<p>H\u0151cser\u00e9l\u0151 n\u00e9lk\u00fcli puffertart\u00e1ly, amely t\u00f6bbf\u00e9lek\u00e9ppen haszn\u00e1lhat\u00f3.<\/p>\n<p>F\u0151leg h\u0151szivatty\u00fakb\u00f3l, kaz\u00e1nokb\u00f3l, napkollektorokb\u00f3l \u00e9s elektromos f\u0171t\u0151patronokb\u00f3l sz\u00e1rmaz\u00f3 h\u0151 t\u00e1rol\u00e1s\u00e1ra \u00e9s eloszt\u00e1s\u00e1ra aj\u00e1nljuk!<\/p>\n<p>&nbsp;<\/p>\n<p>&nbsp;<\/p>","protected":false},"excerpt":{"rendered":"<h4>1000\/800\u00a0 h\u0151cser\u00e9l\u0151 n\u00e9lk\u00fcli puffertart\u00e1ly, amely t\u00f6bbf\u00e9lek\u00e9ppen haszn\u00e1lhat\u00f3.<\/h4>\n<h6>Haszn\u00e1lhat\u00f3:<\/h6>\n<h6>\u2013 Melegv\u00edz tart\u00e1ly<\/h6>\n<h6>\u2013 Szol\u00e1r f\u0171t\u00e9si rendszer<\/h6>\n<h6>\u2013 H\u0151szivatty\u00fak, alacsony el\u0151remen\u0151 h\u0151m\u00e9rs\u00e9klettel<\/h6>\n<h6>\u2013 Fat\u00fczel\u00e9s\u0171 rendszer<\/h6>\n<h6>F\u0151leg h\u0151szivatty\u00fakb\u00f3l, kaz\u00e1nokb\u00f3l, napkollektorokb\u00f3l \u00e9s elektromos f\u0171t\u0151patronokb\u00f3l sz\u00e1rmaz\u00f3 h\u0151 t\u00e1rol\u00e1s\u00e1ra \u00e9s eloszt\u00e1s\u00e1ra haszn\u00e1lj\u00e1k.<\/h6>\n<h6>A tart\u00e1ly puha HACOsoft\u00ae PET anyaggal van szigetelve.<\/h6>","protected":false},"featured_media":3571,"comment_status":"closed","ping_status":"closed","template":"","meta":{"_themeisle_gutenberg_block_has_review":false},"product_brand":[],"product_cat":[135],"product_tag":[],"class_list":{"0":"post-3623","1":"product","2":"type-product","3":"status-publish","4":"has-post-thumbnail","6":"product_cat-puffertartaly","7":"product_shipping_class-nincs-hazhozszallitas","9":"first","10":"outofstock","11":"sale","12":"taxable","13":"shipping-taxable","14":"purchasable","15":"product-type-simple"},"_links":{"self":[{"href":"https:\/\/premiumkazan.hu\/de\/wp-json\/wp\/v2\/product\/3623","targetHints":{"allow":["GET"]}}],"collection":[{"href":"https:\/\/premiumkazan.hu\/de\/wp-json\/wp\/v2\/product"}],"about":[{"href":"https:\/\/premiumkazan.hu\/de\/wp-json\/wp\/v2\/types\/product"}],"replies":[{"embeddable":true,"href":"https:\/\/premiumkazan.hu\/de\/wp-json\/wp\/v2\/comments?post=3623"}],"wp:featuredmedia":[{"embeddable":true,"href":"https:\/\/premiumkazan.hu\/de\/wp-json\/wp\/v2\/media\/3571"}],"wp:attachment":[{"href":"https:\/\/premiumkazan.hu\/de\/wp-json\/wp\/v2\/media?parent=3623"}],"wp:term":[{"taxonomy":"product_brand","embeddable":true,"href":"https:\/\/premiumkazan.hu\/de\/wp-json\/wp\/v2\/product_brand?post=3623"},{"taxonomy":"product_cat","embeddable":true,"href":"https:\/\/premiumkazan.hu\/de\/wp-json\/wp\/v2\/product_cat?post=3623"},{"taxonomy":"product_tag","embeddable":true,"href":"https:\/\/premiumkazan.hu\/de\/wp-json\/wp\/v2\/product_tag?post=3623"}],"curies":[{"name":"wp","href":"https:\/\/api.w.org\/{rel}","templated":true}]}}