{"id":3122,"date":"2022-10-13T13:37:12","date_gmt":"2022-10-13T13:37:12","guid":{"rendered":"https:\/\/premiumkazan.fazekas.wdsite.hu\/?post_type=product&#038;p=3122"},"modified":"2024-01-08T12:20:21","modified_gmt":"2024-01-08T12:20:21","slug":"pellet-100x150-falihuvely","status":"publish","type":"product","link":"https:\/\/premiumkazan.hu\/de\/produkt\/pellet-100x150-falihuvely\/","title":{"rendered":"Pellet \u00f8100\/150 fali bek\u00f6t\u0151 idom"},"content":{"rendered":"<h5>Pellet \u00f8 100\/150 -es duplafal\u00fa falih\u00fcvely<\/h5>","protected":false},"excerpt":{"rendered":"<h5>Ac\u00e9l pelletes\u00a0 \u00f8 100\/150\u00a0 fali bek\u00f6t\u0151 idom szilikon t\u00f6m\u00edt\u00e9ssel<\/h5>","protected":false},"featured_media":3854,"comment_status":"open","ping_status":"closed","template":"","meta":{"_themeisle_gutenberg_block_has_review":false},"product_brand":[],"product_cat":[159],"product_tag":[],"class_list":{"0":"post-3122","1":"product","2":"type-product","3":"status-publish","4":"has-post-thumbnail","6":"product_cat-pellet-csovek","8":"first","9":"instock","10":"taxable","11":"shipping-taxable","12":"purchasable","13":"product-type-simple"},"_links":{"self":[{"href":"https:\/\/premiumkazan.hu\/de\/wp-json\/wp\/v2\/product\/3122","targetHints":{"allow":["GET"]}}],"collection":[{"href":"https:\/\/premiumkazan.hu\/de\/wp-json\/wp\/v2\/product"}],"about":[{"href":"https:\/\/premiumkazan.hu\/de\/wp-json\/wp\/v2\/types\/product"}],"replies":[{"embeddable":true,"href":"https:\/\/premiumkazan.hu\/de\/wp-json\/wp\/v2\/comments?post=3122"}],"wp:featuredmedia":[{"embeddable":true,"href":"https:\/\/premiumkazan.hu\/de\/wp-json\/wp\/v2\/media\/3854"}],"wp:attachment":[{"href":"https:\/\/premiumkazan.hu\/de\/wp-json\/wp\/v2\/media?parent=3122"}],"wp:term":[{"taxonomy":"product_brand","embeddable":true,"href":"https:\/\/premiumkazan.hu\/de\/wp-json\/wp\/v2\/product_brand?post=3122"},{"taxonomy":"product_cat","embeddable":true,"href":"https:\/\/premiumkazan.hu\/de\/wp-json\/wp\/v2\/product_cat?post=3122"},{"taxonomy":"product_tag","embeddable":true,"href":"https:\/\/premiumkazan.hu\/de\/wp-json\/wp\/v2\/product_tag?post=3122"}],"curies":[{"name":"wp","href":"https:\/\/api.w.org\/{rel}","templated":true}]}}