{"id":3097,"date":"2022-10-13T13:15:41","date_gmt":"2022-10-13T13:15:41","guid":{"rendered":"https:\/\/premiumkazan.fazekas.wdsite.hu\/?post_type=product&#038;p=3097"},"modified":"2025-08-05T08:34:55","modified_gmt":"2025-08-05T08:34:55","slug":"80-1500-acel-pelletes-fustcso","status":"publish","type":"product","link":"https:\/\/premiumkazan.hu\/de\/produkt\/80-1500-acel-pelletes-fustcso\/","title":{"rendered":"\u00d880\/1500 Ac\u00e9l pelletes f\u00fcstcs\u0151"},"content":{"rendered":"<h5>Ac\u00e9l pelletes f\u00fcstcs\u0151 \u00f8 80\/1500-as m\u00e9retben<\/h5>","protected":false},"excerpt":{"rendered":"<h5>Ac\u00e9l pelletes f\u00fcstcs\u0151 \u00f8 80\/1500-as m\u00e9retben<\/h5>","protected":false},"featured_media":3952,"comment_status":"open","ping_status":"closed","template":"","meta":{"_themeisle_gutenberg_block_has_review":false},"product_brand":[],"product_cat":[159],"product_tag":[],"class_list":{"0":"post-3097","1":"product","2":"type-product","3":"status-publish","4":"has-post-thumbnail","6":"product_cat-pellet-csovek","8":"first","9":"instock","10":"sale","11":"taxable","12":"shipping-taxable","13":"purchasable","14":"product-type-simple"},"_links":{"self":[{"href":"https:\/\/premiumkazan.hu\/de\/wp-json\/wp\/v2\/product\/3097","targetHints":{"allow":["GET"]}}],"collection":[{"href":"https:\/\/premiumkazan.hu\/de\/wp-json\/wp\/v2\/product"}],"about":[{"href":"https:\/\/premiumkazan.hu\/de\/wp-json\/wp\/v2\/types\/product"}],"replies":[{"embeddable":true,"href":"https:\/\/premiumkazan.hu\/de\/wp-json\/wp\/v2\/comments?post=3097"}],"wp:featuredmedia":[{"embeddable":true,"href":"https:\/\/premiumkazan.hu\/de\/wp-json\/wp\/v2\/media\/3952"}],"wp:attachment":[{"href":"https:\/\/premiumkazan.hu\/de\/wp-json\/wp\/v2\/media?parent=3097"}],"wp:term":[{"taxonomy":"product_brand","embeddable":true,"href":"https:\/\/premiumkazan.hu\/de\/wp-json\/wp\/v2\/product_brand?post=3097"},{"taxonomy":"product_cat","embeddable":true,"href":"https:\/\/premiumkazan.hu\/de\/wp-json\/wp\/v2\/product_cat?post=3097"},{"taxonomy":"product_tag","embeddable":true,"href":"https:\/\/premiumkazan.hu\/de\/wp-json\/wp\/v2\/product_tag?post=3097"}],"curies":[{"name":"wp","href":"https:\/\/api.w.org\/{rel}","templated":true}]}}