{"id":2961,"date":"2022-10-09T08:55:30","date_gmt":"2022-10-09T08:55:30","guid":{"rendered":"https:\/\/premiumkazan.fazekas.wdsite.hu\/?post_type=product&#038;p=2961"},"modified":"2025-09-30T08:00:25","modified_gmt":"2025-09-30T08:00:25","slug":"dupla-falu-falihuvely-120-mm","status":"publish","type":"product","link":"https:\/\/premiumkazan.hu\/de\/produkt\/dupla-falu-falihuvely-120-mm\/","title":{"rendered":"Falih\u00fcvely duplafal\u00fa 120 mm"},"content":{"rendered":"<p>&nbsp;<\/p>\n<p>Duplafal\u00fa falih\u00fcvely 120 mm-es m\u00e9retben.<\/p>\n<p>F\u00e9m, merev cs\u0151\u00f6sszek\u00f6t\u0151 elem.<br \/>\nElektrosztatikus porfest\u0151 elj\u00e1r\u00e1ssal fel\u00fcletkezelve, hossz\u00fa \u00e9lettartam\u00fa, hideg alak\u00edt\u00e1ssal k\u00e9sz\u00fclt hegesztett idom.<br \/>\nFelhaszn\u00e1l\u00e1si h\u0151m\u00e9rs\u00e9klet: max. 600 \u00b0C<br \/>\n\u00c1tlagos \u00e9rdess\u00e9g: 0,6 mm<br \/>\nH\u0151sokkal szembeni ellen\u00e1ll\u00e1s: igen<br \/>\nJ\u00e9ggel \u00e9s olvad\u00e9k\u00e1val szembeni ellen\u00e1ll\u00f3k\u00e9pess\u00e9g: igen<\/p>\n<p>&nbsp;<\/p>","protected":false},"excerpt":{"rendered":"<h5>Duplafal\u00fa falih\u00fcvely 120 mm-es m\u00e9retben<\/h5>","protected":false},"featured_media":4425,"comment_status":"open","ping_status":"closed","template":"","meta":{"_themeisle_gutenberg_block_has_review":false},"product_brand":[],"product_cat":[134],"product_tag":[],"class_list":{"0":"post-2961","1":"product","2":"type-product","3":"status-publish","4":"has-post-thumbnail","6":"product_cat-fustcso","8":"first","9":"instock","10":"sale","11":"taxable","12":"shipping-taxable","13":"purchasable","14":"product-type-simple"},"_links":{"self":[{"href":"https:\/\/premiumkazan.hu\/de\/wp-json\/wp\/v2\/product\/2961","targetHints":{"allow":["GET"]}}],"collection":[{"href":"https:\/\/premiumkazan.hu\/de\/wp-json\/wp\/v2\/product"}],"about":[{"href":"https:\/\/premiumkazan.hu\/de\/wp-json\/wp\/v2\/types\/product"}],"replies":[{"embeddable":true,"href":"https:\/\/premiumkazan.hu\/de\/wp-json\/wp\/v2\/comments?post=2961"}],"wp:featuredmedia":[{"embeddable":true,"href":"https:\/\/premiumkazan.hu\/de\/wp-json\/wp\/v2\/media\/4425"}],"wp:attachment":[{"href":"https:\/\/premiumkazan.hu\/de\/wp-json\/wp\/v2\/media?parent=2961"}],"wp:term":[{"taxonomy":"product_brand","embeddable":true,"href":"https:\/\/premiumkazan.hu\/de\/wp-json\/wp\/v2\/product_brand?post=2961"},{"taxonomy":"product_cat","embeddable":true,"href":"https:\/\/premiumkazan.hu\/de\/wp-json\/wp\/v2\/product_cat?post=2961"},{"taxonomy":"product_tag","embeddable":true,"href":"https:\/\/premiumkazan.hu\/de\/wp-json\/wp\/v2\/product_tag?post=2961"}],"curies":[{"name":"wp","href":"https:\/\/api.w.org\/{rel}","templated":true}]}}