{"id":4589,"date":"2023-11-30T08:50:01","date_gmt":"2023-11-30T08:50:01","guid":{"rendered":"https:\/\/premiumkazan.hu\/?page_id=4589"},"modified":"2023-11-30T08:50:48","modified_gmt":"2023-11-30T08:50:48","slug":"gyakori-kerdesek","status":"publish","type":"page","link":"https:\/\/premiumkazan.hu\/de\/gyakori-kerdesek\/","title":{"rendered":"Gyakori k\u00e9rd\u00e9sek"},"content":{"rendered":"<div  class=\"ewd-ufaq-faq-list ewd-ufaq-page-type-distinct\" id='ewd-ufaq-faq-list'>\n\n\t<input type='hidden' name='show_on_load' value='' id='ewd-ufaq-show-on-load' \/>\n<input type='hidden' name='include_category' value='' id='ewd-ufaq-include-category' \/>\n<input type='hidden' name='exclude_category' value='' id='ewd-ufaq-exclude-category' \/>\n<input type='hidden' name='orderby' value='title' id='ewd-ufaq-orderby' \/>\n<input type='hidden' name='order' value='asc' id='ewd-ufaq-order' \/>\n<input type='hidden' name='post_count' value='-1' id='ewd-ufaq-post-count' \/>\n<input type='hidden' name='current_url' value='\/de\/wp-json\/wp\/v2\/pages\/4589' id='ewd-ufaq-current-url' \/>\n\t\n\t\n\t<div class='ewd-ufaq-faqs'>\n\n\t\t<div  class=\"ewd-ufaq-faq-div ewd-ufaq-faq-column-count-one ewd-ufaq-faq-responsive-columns- ewd-ufaq-faq-display-style-default ewd-ufaq-can-be-toggled\" id='ewd-ufaq-post-4586-3dTyjTWhLb' data-post_id='4586'>\n\n\t<div class='ewd-ufaq-faq-title ewd-ufaq-faq-toggle'>\n\t\n\t<a class='ewd-ufaq-post-margin'  href='#' role=\"button\">\n\n\t\t<div class='ewd-ufaq-post-margin-symbol ewd-ufaq-'>\n\t\t\t<span >A<\/span>\n\t\t<\/div>\n\n\t\t<div class='ewd-ufaq-faq-title-text'>\n\n\t\t\t<h4>\n\t\t\t\tMi\u00e9rt j\u00f3 v\u00e1laszt\u00e1s a szil\u00e1rd biomassza t\u00fczel\u00e9s\u0171 kaz\u00e1n?\t\t\t<\/h4>\n\n\t\t<\/div>\n\n\t\t<div class='ewd-ufaq-clear'><\/div>\n\n\t<\/a>\n\t\n<\/div>\n\t\n\t<div class='ewd-ufaq-faq-body' >\n\n\t\t\n\t\t\t\n\t\t\n\t\t\t<div class='ewd-ufaq-post-margin ewd-ufaq-faq-post'>\n\t<p>A v\u00e1ltoz\u00f3 g\u00e1z\u00e1rak, a g\u00e1zell\u00e1t\u00e1s bizonytalan alakul\u00e1sa \u00e9s az uni\u00f3s szab\u00e1lyoz\u00e1s k\u00f6vetkezt\u00e9ben a k\u00e9sz\u00fcl\u00e9kcser\u00e9k egyre dr\u00e1g\u00e1bb\u00e1 \u00e9s bonyolultabb\u00e1 teszik lak\u00e1sunk meleg\u00e9nek fenntart\u00e1s\u00e1t.\u00a0 A Pr\u00e9mium Kaz\u00e1n Kft. k\u00edn\u00e1lat\u00e1ban l\u00e9v\u0151 szil\u00e1rdt\u00fczel\u00e9s\u0171 kaz\u00e1njait \u00fagy v\u00e1lasztotta meg, hogy egy j\u00f3 opci\u00f3t k\u00edn\u00e1ljanak ennek kezel\u00e9s\u00e9re, nem utols\u00f3sorban az\u00e9rt, hogy f\u00fcggetlenedni tudjunk a szolg\u00e1ltat\u00f3kt\u00f3l. R\u00e9gi \u00e9s \u00faj f\u0171t\u00e9si rendszerekben is egyar\u00e1nt alkalmazhat\u00f3k. A f\u0171t\u00e9si m\u00f3dok kombin\u00e1l\u00e1sa (fal-, padl\u00f3 -, radi\u00e1toros f\u0171t\u00e9s), sz\u00e9les k\u00f6rben n\u00f6vekv\u0151 n\u00e9pszer\u0171s\u00e9ge azzal magyar\u00e1zhat\u00f3, hogy egy megfelel\u0151en \u00f6sszerakott rendszer tulajdonosak\u00e9nt nem csak sz\u00e1mottev\u0151en kisebb k\u00f6lts\u00e9gekkel sz\u00e1molhatunk, de f\u0171t\u00e9si\u00a0komfort\u00e9rzet\u00fcnk\u00a0is megmarad, amennyiben a rendszer\u00fcnket \u00fagy \u00e9p\u00edtj\u00fck ki. A t\u00fczel\u0151anyagok k\u00f6re rendk\u00edv\u00fcl sz\u00e9les, b\u00e1rmilyen biomassza lehet.<\/p>\n<\/div>\n\t\t\n\t\t\t\n\t\t\n\t\t\t\n\t\t\n\t\t\t\n\t\t\n\t\t\t\n\t\t\n\t\t\t\n\t\t\n\t\t\t\n\t\t\n\t\t\t\n\t\t\n\t\t\t\n\t\t\n\t<\/div>\n\n<\/div>\n\t<\/div>\n\n\t\n<\/div>","protected":false},"excerpt":{"rendered":"<p>A Mi\u00e9rt j\u00f3 v\u00e1laszt\u00e1s a szil\u00e1rd biomassza t\u00fczel\u00e9s\u0171 kaz\u00e1n? A v\u00e1ltoz\u00f3 g\u00e1z\u00e1rak, a g\u00e1zell\u00e1t\u00e1s bizonytalan alakul\u00e1sa \u00e9s az uni\u00f3s szab\u00e1lyoz\u00e1s k\u00f6vetkezt\u00e9ben a k\u00e9sz\u00fcl\u00e9kcser\u00e9k egyre dr\u00e1g\u00e1bb\u00e1 \u00e9s bonyolultabb\u00e1 teszik lak\u00e1sunk meleg\u00e9nek fenntart\u00e1s\u00e1t.\u00a0 A Pr\u00e9mium Kaz\u00e1n Kft. k\u00edn\u00e1lat\u00e1ban l\u00e9v\u0151 szil\u00e1rdt\u00fczel\u00e9s\u0171 kaz\u00e1njait \u00fagy v\u00e1lasztotta meg, hogy egy j\u00f3 opci\u00f3t k\u00edn\u00e1ljanak ennek kezel\u00e9s\u00e9re, nem utols\u00f3sorban az\u00e9rt, hogy f\u00fcggetlenedni tudjunk<\/p>\n<div class=\"klb-readmore entry-button\"><a class=\"btn read-more\" href=\"https:\/\/premiumkazan.hu\/de\/ufaq\/miert-jo-valasztas-a-szilard-biomassza-tuzelesu-kazan\/\">Read More<\/a><\/div>","protected":false},"author":1,"featured_media":0,"parent":0,"menu_order":0,"comment_status":"closed","ping_status":"closed","template":"","meta":{"_themeisle_gutenberg_block_has_review":false,"footnotes":""},"class_list":["post-4589","page","type-page","status-publish","hentry"],"_links":{"self":[{"href":"https:\/\/premiumkazan.hu\/de\/wp-json\/wp\/v2\/pages\/4589","targetHints":{"allow":["GET"]}}],"collection":[{"href":"https:\/\/premiumkazan.hu\/de\/wp-json\/wp\/v2\/pages"}],"about":[{"href":"https:\/\/premiumkazan.hu\/de\/wp-json\/wp\/v2\/types\/page"}],"author":[{"embeddable":true,"href":"https:\/\/premiumkazan.hu\/de\/wp-json\/wp\/v2\/users\/1"}],"replies":[{"embeddable":true,"href":"https:\/\/premiumkazan.hu\/de\/wp-json\/wp\/v2\/comments?post=4589"}],"version-history":[{"count":4,"href":"https:\/\/premiumkazan.hu\/de\/wp-json\/wp\/v2\/pages\/4589\/revisions"}],"predecessor-version":[{"id":4593,"href":"https:\/\/premiumkazan.hu\/de\/wp-json\/wp\/v2\/pages\/4589\/revisions\/4593"}],"wp:attachment":[{"href":"https:\/\/premiumkazan.hu\/de\/wp-json\/wp\/v2\/media?parent=4589"}],"curies":[{"name":"wp","href":"https:\/\/api.w.org\/{rel}","templated":true}]}}