{"id":4555,"date":"2023-11-29T17:39:26","date_gmt":"2023-11-29T17:39:26","guid":{"rendered":"https:\/\/premiumkazan.hu\/?page_id=4555"},"modified":"2023-11-29T17:51:16","modified_gmt":"2023-11-29T17:51:16","slug":"vasarloi-tajekoztato","status":"publish","type":"page","link":"https:\/\/premiumkazan.hu\/de\/vasarloi-tajekoztato\/","title":{"rendered":"V\u00e1s\u00e1rl\u00f3i t\u00e1j\u00e9koztat\u00f3"},"content":{"rendered":"<div data-elementor-type=\"wp-page\" data-elementor-id=\"4555\" class=\"elementor elementor-4555\">\n\t\t\t\t\t\t<section class=\"elementor-section elementor-top-section elementor-element elementor-element-6dd7fb15 elementor-section-boxed elementor-section-height-default elementor-section-height-default\" data-id=\"6dd7fb15\" data-element_type=\"section\">\n\t\t\t\t\t\t<div class=\"elementor-container elementor-column-gap-default\">\n\t\t\t\t\t<div class=\"elementor-column elementor-col-100 elementor-top-column elementor-element elementor-element-6b94a81f\" data-id=\"6b94a81f\" data-element_type=\"column\">\n\t\t\t<div class=\"elementor-widget-wrap elementor-element-populated\">\n\t\t\t\t\t\t<div class=\"elementor-element elementor-element-604b3229 elementor-widget elementor-widget-text-editor\" data-id=\"604b3229\" data-element_type=\"widget\" data-widget_type=\"text-editor.default\">\n\t\t\t\t<div class=\"elementor-widget-container\">\n\t\t\t\t\t\t\t<!-- wp:themeisle-blocks\/advanced-columns {\"id\":\"wp-block-themeisle-blocks-advanced-columns-3f9e776c\",\"columns\":0} -->\n<div id=\"wp-block-themeisle-blocks-advanced-columns-3f9e776c\" class=\"wp-block-themeisle-blocks-advanced-columns has-0-columns has-desktop-undefined-layout has-tablet-equal-layout has-mobile-equal-layout has-vertical-unset\"><div class=\"wp-block-themeisle-blocks-advanced-columns-overlay\"><\/div><div class=\"innerblocks-wrap\"><\/div><\/div>\n<!-- \/wp:themeisle-blocks\/advanced-columns -->\t\t\t\t\t\t<\/div>\n\t\t\t\t<\/div>\n\t\t\t\t\t<\/div>\n\t\t<\/div>\n\t\t\t\t\t<\/div>\n\t\t<\/section>\n\t\t\t\t<section class=\"elementor-section elementor-top-section elementor-element elementor-element-f31e175 elementor-section-boxed elementor-section-height-default elementor-section-height-default\" data-id=\"f31e175\" data-element_type=\"section\">\n\t\t\t\t\t\t<div class=\"elementor-container elementor-column-gap-default\">\n\t\t\t\t\t<div class=\"elementor-column elementor-col-100 elementor-top-column elementor-element elementor-element-a363d9e\" data-id=\"a363d9e\" data-element_type=\"column\">\n\t\t\t<div class=\"elementor-widget-wrap elementor-element-populated\">\n\t\t\t\t\t\t<div class=\"elementor-element elementor-element-e8015c2 elementor-widget elementor-widget-heading\" data-id=\"e8015c2\" data-element_type=\"widget\" data-widget_type=\"heading.default\">\n\t\t\t\t<div class=\"elementor-widget-container\">\n\t\t\t<span class=\"elementor-heading-title elementor-size-default\">V\u00e1s\u00e1rl\u00f3i T\u00e1j\u00e9koztat\u00f3<\/span>\t\t<\/div>\n\t\t\t\t<\/div>\n\t\t\t\t\t<\/div>\n\t\t<\/div>\n\t\t\t\t\t<\/div>\n\t\t<\/section>\n\t\t\t\t<section class=\"elementor-section elementor-top-section elementor-element elementor-element-37a7988 elementor-section-boxed elementor-section-height-default elementor-section-height-default\" data-id=\"37a7988\" data-element_type=\"section\">\n\t\t\t\t\t\t<div class=\"elementor-container elementor-column-gap-default\">\n\t\t\t\t\t<div class=\"elementor-column elementor-col-100 elementor-top-column elementor-element elementor-element-50b84d9\" data-id=\"50b84d9\" data-element_type=\"column\">\n\t\t\t<div class=\"elementor-widget-wrap elementor-element-populated\">\n\t\t\t\t\t\t<div class=\"elementor-element elementor-element-4b3b961 elementor-widget elementor-widget-text-editor\" data-id=\"4b3b961\" data-element_type=\"widget\" data-widget_type=\"text-editor.default\">\n\t\t\t\t<div class=\"elementor-widget-container\">\n\t\t\t\t\t\t\t<p style=\"text-align: justify;\"><span style=\"font-size: 12pt;\"><span style=\"font-family: 'Times New Roman',serif;\"><span style=\"color: #021523;\">A megrendel\u00e9sek lead\u00e1sa a Web\u00e1ruh\u00e1z online fel\u00fclet\u00e9n lehets\u00e9ges. A Web\u00e1ruh\u00e1zban tett megrendel\u00e9st az Elad\u00f3 csak akkor tudja befogadni \u00e9s teljes\u00edteni, ha a v\u00e1s\u00e1rl\u00f3 a v\u00e1s\u00e1rl\u00e1si oldalon tal\u00e1lhat\u00f3 mez\u0151ket marad\u00e9ktalanul \u00e9s helyesen kit\u00f6lti. Ennek elmulaszt\u00e1s\u00e1b\u00f3l ered\u0151 k\u00e1rok\u00e9rt, illetve a folyamat k\u00f6zben felmer\u00fcl\u0151 technikai probl\u00e9m\u00e1k\u00e9rt az Elad\u00f3 felel\u0151ss\u00e9get nem v\u00e1llal. A hib\u00e1san vagy nem kell\u0151 r\u00e9szletess\u00e9ggel megadott c\u00edmz\u00e9si, vagy m\u00e1s adatok, inform\u00e1ci\u00f3k eset\u00e9n felmer\u00fcl\u0151 sz\u00e1ll\u00edt\u00e1si t\u00f6bbletk\u00f6lts\u00e9g a v\u00e1s\u00e1rl\u00f3t terheli.<\/span><\/span><\/span><\/p>\n<p style=\"text-align: justify;\"><span style=\"font-size: 12pt;\"><span style=\"font-family: 'Times New Roman',serif;\"><span style=\"color: #021523;\">Adatbeviteli hib\u00e1k jav\u00edt\u00e1s\u00e1nak technikai lehet\u0151s\u00e9gei: az adatbeviteli hib\u00e1k jav\u00edt\u00e1s\u00e1ra a megrendel\u0151 adatlapok kit\u00f6lt\u00e9sekor, a megrendel\u00e9s lead\u00e1s\u00e1t k\u00f6vet\u0151en pedig az Elad\u00f3 r\u00e9sz\u00e9re k\u00fcld\u00f6tt e-mailben van lehet\u0151s\u00e9g. A megrendel\u00e9s elk\u00fcld\u00e9s\u00e9t k\u00f6vet\u0151en \u00e9szlelt adatbeviteli hiba eset\u00e9n ezt halad\u00e9ktalanul jelezni kell az info@premiumkazan.hu e-mail c\u00edmen. A regisztr\u00e1lt Felhaszn\u00e1l\u00f3 a regisztr\u00e1ci\u00f3n\u00e1l megadott adatait is tudja m\u00f3dos\u00edtani a profilj\u00e1ban a \u201eFi\u00f3kadatok\u201d funkci\u00f3 alatt.<\/span><\/span><\/span><\/p>\n<p style=\"text-align: justify;\"><span style=\"font-size: 12pt;\"><span style=\"font-family: 'Times New Roman',serif;\"><span style=\"color: #021523;\">Az oldalon felt\u00fcntetett \u00e1rakat tov\u00e1bbi \u00c1FA nem terheli (az Elad\u00f3 a brutt\u00f3 \u00e1rat t\u00fcnteti fel). A brutt\u00f3 \u00e1rak tartalmazz\u00e1k a v\u00e1s\u00e1rl\u00e1skor hat\u00e1lyos jogszab\u00e1lyokban az adott term\u00e9kk\u00f6r tekintet\u00e9ben meghat\u00e1rozott m\u00e9rt\u00e9k\u0171 \u00e1ltal\u00e1nos forgalmi ad\u00f3t. A Web\u00e1ruh\u00e1zban felt\u00fcntetett \u00e1rak visszavon\u00e1sig vagy megv\u00e1ltoztat\u00e1sig \u00e9rv\u00e9nyesek.<\/span><\/span><\/span><\/p>\n<p style=\"text-align: justify;\"><span style=\"font-size: 12pt;\"><span style=\"font-family: 'Times New Roman',serif;\"><span style=\"color: #021523;\">A Web\u00e1ruh\u00e1zban szerepl\u0151 term\u00e9kk\u00e9pek t\u00e1j\u00e9koztat\u00f3 jelleg\u0171ek \u00e9s a val\u00f3s\u00e1gt\u00f3l elt\u00e9rhetnek.<\/span><\/span><\/span><\/p>\n<p style=\"text-align: justify;\"><span style=\"font-size: 12pt;\"><span style=\"font-family: 'Times New Roman',serif;\">A Web\u00e1ruh\u00e1zban el\u0151fordulhatnak el\u00edr\u00e1sok, \u00edgy t\u00e9ves \u00e1rmegjel\u00f6l\u00e9sek is. A k\u00f6zz\u00e9tett adatok\u00e9rt az Elad\u00f3 nem v\u00e1llal felel\u0151ss\u00e9get. Az Elad\u00f3 fenntartja a jogot, hogy ilyen esetben<span style=\"color: black;\"> felaj\u00e1nlja az \u00c1ru val\u00f3s \u00e1ron t\u00f6rt\u00e9n\u0151 megv\u00e1s\u00e1rl\u00e1s\u00e1nak lehet\u0151s\u00e9g\u00e9t, mely inform\u00e1ci\u00f3 birtok\u00e1ban a V\u00e1s\u00e1rl\u00f3 eld\u00f6ntheti, hogy megrendeli val\u00f3s \u00e1ron az \u00c1rut vagy minden h\u00e1tr\u00e1nyos jogk\u00f6vetkezm\u00e9ny n\u00e9lk\u00fcl lemondja a megrendel\u00e9st.<\/span><\/span><\/span><\/p>\n<p style=\"text-align: justify;\"><span style=\"font-size: 12pt;\"><span style=\"font-family: 'Times New Roman',serif;\"><span style=\"color: black;\">A Web\u00e1ruh\u00e1zban el\u0151fordulhatnak olyan adatbeviteli hib\u00e1k (adatr\u00f6gz\u00edt\u00e9skor), amik a term\u00e9kek m\u0171szaki param\u00e9tereit \u00e9rintik, valamint a gy\u00e1rt\u00f3 is v\u00e1ltoztathat a term\u00e9kek m\u0171szaki param\u00e9terein. Elt\u00e9r\u00e9s eset\u00e9n minden esetben a gy\u00e1rt\u00f3 \u00e1ltal megadott param\u00e9terek \u00e9rv\u00e9nyesek. <\/span><\/span><\/span><\/p>\t\t\t\t\t\t<\/div>\n\t\t\t\t<\/div>\n\t\t\t\t<div class=\"elementor-element elementor-element-0fb3260 elementor-widget-divider--view-line elementor-widget elementor-widget-divider\" data-id=\"0fb3260\" data-element_type=\"widget\" data-widget_type=\"divider.default\">\n\t\t\t\t<div class=\"elementor-widget-container\">\n\t\t\t\t\t<div class=\"elementor-divider\">\n\t\t\t<span class=\"elementor-divider-separator\">\n\t\t\t\t\t\t<\/span>\n\t\t<\/div>\n\t\t\t\t<\/div>\n\t\t\t\t<\/div>\n\t\t\t\t<div class=\"elementor-element elementor-element-a001d90 elementor-widget elementor-widget-heading\" data-id=\"a001d90\" data-element_type=\"widget\" data-widget_type=\"heading.default\">\n\t\t\t\t<div class=\"elementor-widget-container\">\n\t\t\t<span class=\"elementor-heading-title elementor-size-default\">\u00c1tv\u00e9teli m\u00f3dok<\/span>\t\t<\/div>\n\t\t\t\t<\/div>\n\t\t\t\t<div class=\"elementor-element elementor-element-ecf18a3 elementor-widget elementor-widget-text-editor\" data-id=\"ecf18a3\" data-element_type=\"widget\" data-widget_type=\"text-editor.default\">\n\t\t\t\t<div class=\"elementor-widget-container\">\n\t\t\t\t\t\t\t<p style=\"margin-right:6px; text-align:justify\"><span style=\"font-size:12pt\"><span style=\"font-family:&quot;Times New Roman&quot;,serif\"><span style=\"color:black\">Az &aacute;rut szem&eacute;lyesen, illetve kisz&aacute;ll&iacute;t&aacute;ssal lehet &aacute;tvenni. <\/span><\/span><\/span><\/p>\n\n<p style=\"margin-right:6px; text-align:justify\"><span style=\"font-size:12pt\"><span style=\"font-family:&quot;Times New Roman&quot;,serif\"><span style=\"color:black\">A k&uuml;l&ouml;n&ouml;sen nagy m&eacute;ret\u0171 &aacute;ru eset&eacute;n a kisz&aacute;ll&iacute;t&aacute;st nem tudja v&aacute;llalni az Elad&oacute;. Ebben az esetben csak szem&eacute;lyes &aacute;tv&eacute;tel lehets&eacute;ges az Elad&oacute; telephely&eacute;n, illetve tov&aacute;bbi &aacute;tv&eacute;teli pontokon.<\/span><\/span><\/span><\/p>\n\n<p style=\"margin-right:6px; text-align:justify\"><span style=\"font-size:12pt\"><span style=\"font-family:&quot;Times New Roman&quot;,serif\"><span style=\"color:black\">A nem kisz&aacute;ll&iacute;that&oacute; &aacute;rukn&aacute;l az Elad&oacute; jelzi a sz&aacute;ll&iacute;t&aacute;s biztos&iacute;t&aacute;s&aacute;nak hi&aacute;ny&aacute;t, &eacute;s egyezteti az &aacute;tv&eacute;tel hely&eacute;t.<\/span><\/span><\/span><\/p>\n\t\t\t\t\t\t<\/div>\n\t\t\t\t<\/div>\n\t\t\t\t<div class=\"elementor-element elementor-element-ae96534 elementor-widget-divider--view-line elementor-widget elementor-widget-divider\" data-id=\"ae96534\" data-element_type=\"widget\" data-widget_type=\"divider.default\">\n\t\t\t\t<div class=\"elementor-widget-container\">\n\t\t\t\t\t<div class=\"elementor-divider\">\n\t\t\t<span class=\"elementor-divider-separator\">\n\t\t\t\t\t\t<\/span>\n\t\t<\/div>\n\t\t\t\t<\/div>\n\t\t\t\t<\/div>\n\t\t\t\t<div class=\"elementor-element elementor-element-67e9943 elementor-widget elementor-widget-heading\" data-id=\"67e9943\" data-element_type=\"widget\" data-widget_type=\"heading.default\">\n\t\t\t\t<div class=\"elementor-widget-container\">\n\t\t\t<span class=\"elementor-heading-title elementor-size-default\">Sz\u00e1ll\u00edt\u00e1si k\u00f6lts\u00e9gek<\/span>\t\t<\/div>\n\t\t\t\t<\/div>\n\t\t\t\t<div class=\"elementor-element elementor-element-d3eaa44 elementor-widget elementor-widget-text-editor\" data-id=\"d3eaa44\" data-element_type=\"widget\" data-widget_type=\"text-editor.default\">\n\t\t\t\t<div class=\"elementor-widget-container\">\n\t\t\t\t\t\t\t<p style=\"margin-right: 6px;\"><span style=\"font-size: 12pt;\"><span style=\"font-family: 'Times New Roman',serif;\"><span style=\"font-size: 11.0pt;\">A web\u00e1ruh\u00e1zban leadott rendel\u00e9sekre az al\u00e1bbi sz\u00e1ll\u00edt\u00e1si k\u00f6lts\u00e9gek vonatkoznak: <\/span><\/span><\/span><\/p>\n<p style=\"margin-right: 6px;\"><span style=\"font-size: 12pt;\"><span style=\"font-family: 'Times New Roman',serif;\"><span style=\"font-size: 11.0pt;\">Ha a megrendel\u00e9s \u00f6ssz\u00e9rt\u00e9ke brutt\u00f3 20.000 Ft alatti \u00f6sszeg, akkor a sz\u00e1ll\u00edt\u00e1si d\u00edj brutt\u00f3 2.490 Ft. <\/span><\/span><\/span><\/p>\n<p style=\"margin-right: 6px;\"><span style=\"font-size: 12pt;\"><span style=\"font-family: 'Times New Roman',serif;\"><span style=\"font-size: 11.0pt;\">Ha a megrendel\u00e9s \u00f6ssz\u00e9rt\u00e9ke brutt\u00f3 20.001 Ft \u00e9s 50.000 Ft k\u00f6z\u00f6tti \u00f6sszeg, akkor a sz\u00e1ll\u00edt\u00e1si d\u00edj brutt\u00f3 2.990 Ft. <\/span><\/span><\/span><\/p>\n<p style=\"margin-right: 6px;\"><span style=\"font-size: 12pt;\"><span style=\"font-family: 'Times New Roman',serif;\"><span style=\"font-size: 11.0pt;\">Ha a megrendel\u00e9s \u00f6ssz\u00e9rt\u00e9ke brutt\u00f3 50.001 Ft \u00e9s 100.000 Ft k\u00f6z\u00f6tti \u00f6sszeg, akkor a sz\u00e1ll\u00edt\u00e1si d\u00edj brutt\u00f3 3.990 Ft. <\/span><\/span><\/span><\/p>\n<p style=\"margin-right: 6px;\"><span style=\"font-size: 12pt;\"><span style=\"font-family: 'Times New Roman',serif;\"><span style=\"font-size: 11.0pt;\">Ha a megrendel\u00e9s \u00f6ssz\u00e9rt\u00e9ke brutt\u00f3 100.000 Ft feletti \u00f6sszeg, akkor a kisz\u00e1ll\u00edt\u00e1s ingyenes. <\/span><\/span><\/span><\/p>\n<p style=\"margin-right: 6px;\"><span style=\"font-size: 12pt;\"><span style=\"font-family: 'Times New Roman',serif;\"><span style=\"font-size: 11.0pt;\">Ha a megrendel\u00e9s \u00f6ssz\u00e9rt\u00e9ke brutt\u00f3 100.000 Ft alatti, de raklapos kisz\u00e1ll\u00edt\u00e1s, a sz\u00e1ll\u00edt\u00e1si d\u00edj brutt\u00f3 30.000 Ft. <\/span><\/span><\/span><\/p>\n<p><span style=\"font-size: 12pt;\"><span style=\"font-family: 'Times New Roman',serif;\"><span style=\"color: #021523;\">A Web\u00e1ruh\u00e1zban felt\u00fcntetett sz\u00e1ll\u00edt\u00e1si k\u00f6lts\u00e9gek visszavon\u00e1sig vagy megv\u00e1ltoztat\u00e1sig \u00e9rv\u00e9nyesek.<\/span><\/span><\/span><\/p>\t\t\t\t\t\t<\/div>\n\t\t\t\t<\/div>\n\t\t\t\t<div class=\"elementor-element elementor-element-cd1846f elementor-widget-divider--view-line elementor-widget elementor-widget-divider\" data-id=\"cd1846f\" data-element_type=\"widget\" data-widget_type=\"divider.default\">\n\t\t\t\t<div class=\"elementor-widget-container\">\n\t\t\t\t\t<div class=\"elementor-divider\">\n\t\t\t<span class=\"elementor-divider-separator\">\n\t\t\t\t\t\t<\/span>\n\t\t<\/div>\n\t\t\t\t<\/div>\n\t\t\t\t<\/div>\n\t\t\t\t<div class=\"elementor-element elementor-element-15a5d45 elementor-widget elementor-widget-heading\" data-id=\"15a5d45\" data-element_type=\"widget\" data-widget_type=\"heading.default\">\n\t\t\t\t<div class=\"elementor-widget-container\">\n\t\t\t<span class=\"elementor-heading-title elementor-size-default\">Fizet\u00e9si m\u00f3dok<\/span>\t\t<\/div>\n\t\t\t\t<\/div>\n\t\t\t\t<div class=\"elementor-element elementor-element-bb7ff3d elementor-widget elementor-widget-text-editor\" data-id=\"bb7ff3d\" data-element_type=\"widget\" data-widget_type=\"text-editor.default\">\n\t\t\t\t<div class=\"elementor-widget-container\">\n\t\t\t\t\t\t\t<p style=\"margin-right: 6px;\"><span style=\"font-size: 12pt;\"><span style=\"font-family: 'Times New Roman',serif;\"><strong><span style=\"font-size: 11.0pt;\"><span style=\"color: black;\">El\u0151re fizet\u00e9s<\/span><\/span><\/strong><\/span><\/span><\/p>\n<p style=\"margin-right: 6px;\"><span style=\"font-size: 12pt;\"><span style=\"font-family: 'Times New Roman',serif;\"><span style=\"font-size: 11.0pt;\"><span style=\"color: black;\">A term\u00e9kek ellen\u00e9rt\u00e9k\u00e9t el\u0151re banki \u00e1tutal\u00e1ssal, vagy bankk\u00e1rty\u00e1s fizet\u00e9ssel egyenl\u00edtheti ki. <\/span><\/span><\/span><\/span><\/p>\n<p style=\"margin-right: 6px;\"><span style=\"font-size: 12pt;\"><span style=\"font-family: 'Times New Roman',serif;\"><strong><span style=\"font-size: 11.0pt;\"><span style=\"color: black;\">Ut\u00e1nv\u00e9tel<\/span><\/span><\/strong><\/span><\/span><\/p>\n<p style=\"margin-right: 6px;\"><span style=\"font-size: 12pt;\"><span style=\"font-family: 'Times New Roman',serif;\"><span style=\"font-size: 11.0pt;\"><span style=\"color: black;\">Amennyiben a rendel\u00e9s \u00e9rt\u00e9k\u00e9t a csomag k\u00e9zhezv\u00e9telekor k\u00edv\u00e1nja kiegyenl\u00edteni, akkor v\u00e1lassza az &#8222;Ut\u00e1nv\u00e9tel&#8221; fizet\u00e9si m\u00f3dot. Az ut\u00e1nv\u00e9t d\u00edja 550,- Ft <\/span><\/span><\/span><\/span><\/p>\t\t\t\t\t\t<\/div>\n\t\t\t\t<\/div>\n\t\t\t\t<div class=\"elementor-element elementor-element-a800a7e elementor-widget-divider--view-line elementor-widget elementor-widget-divider\" data-id=\"a800a7e\" data-element_type=\"widget\" data-widget_type=\"divider.default\">\n\t\t\t\t<div class=\"elementor-widget-container\">\n\t\t\t\t\t<div class=\"elementor-divider\">\n\t\t\t<span class=\"elementor-divider-separator\">\n\t\t\t\t\t\t<\/span>\n\t\t<\/div>\n\t\t\t\t<\/div>\n\t\t\t\t<\/div>\n\t\t\t\t<div class=\"elementor-element elementor-element-68e03d7 elementor-widget elementor-widget-text-editor\" data-id=\"68e03d7\" data-element_type=\"widget\" data-widget_type=\"text-editor.default\">\n\t\t\t\t<div class=\"elementor-widget-container\">\n\t\t\t\t\t\t\t<p style=\"margin-right:6px\"><span style=\"font-size:12pt\"><span style=\"font-family:&quot;Times New Roman&quot;,serif\"><span style=\"font-size:11.0pt\">A term&eacute;kek ellen&eacute;rt&eacute;k&eacute;t ut&aacute;nv&eacute;tel eset&eacute;n bankk&aacute;rty&aacute;s vagy k&eacute;szp&eacute;nzes fizet&eacute;ssel, valamint el\u0151re utal&aacute;ssal egyenl&iacute;theti ki (MPL). <\/span><\/span><\/span><\/p>\n\n<p style=\"margin-right:6px\"><span style=\"font-size:12pt\"><span style=\"font-family:&quot;Times New Roman&quot;,serif\"><span style=\"font-size:11.0pt\">A term&eacute;kek ellen&eacute;rt&eacute;k&eacute;t ut&aacute;nv&eacute;tel eset&eacute;n bankk&aacute;rty&aacute;s d&iacute;jfizet&eacute;ssel, vagy el\u0151re utal&aacute;ssal egyenl&iacute;theti ki (RABEN). <\/span><\/span><\/span><\/p>\n\n<p style=\"margin-right:6px\"><span style=\"font-size:12pt\"><span style=\"font-family:&quot;Times New Roman&quot;,serif\"><span style=\"font-size:11.0pt\">A term&eacute;kek ellen&eacute;rt&eacute;k&eacute;t el\u0151re utal&aacute;ssal egyenl&iacute;theti ki (TLS Express).<\/span><\/span><\/span><\/p>\n\n<p style=\"margin-right:6px\">&nbsp;<\/p>\n\t\t\t\t\t\t<\/div>\n\t\t\t\t<\/div>\n\t\t\t\t\t<\/div>\n\t\t<\/div>\n\t\t\t\t\t<\/div>\n\t\t<\/section>\n\t\t\t\t<\/div>","protected":false},"excerpt":{"rendered":"<p>V\u00e1s\u00e1rl\u00f3i T\u00e1j\u00e9koztat\u00f3 A megrendel\u00e9sek lead\u00e1sa a Web\u00e1ruh\u00e1z online fel\u00fclet\u00e9n lehets\u00e9ges. A Web\u00e1ruh\u00e1zban tett megrendel\u00e9st az Elad\u00f3 csak akkor tudja befogadni \u00e9s teljes\u00edteni, ha a v\u00e1s\u00e1rl\u00f3 a v\u00e1s\u00e1rl\u00e1si oldalon tal\u00e1lhat\u00f3 mez\u0151ket marad\u00e9ktalanul \u00e9s helyesen kit\u00f6lti. Ennek elmulaszt\u00e1s\u00e1b\u00f3l ered\u0151 k\u00e1rok\u00e9rt, illetve a folyamat k\u00f6zben felmer\u00fcl\u0151 technikai probl\u00e9m\u00e1k\u00e9rt az Elad\u00f3 felel\u0151ss\u00e9get nem v\u00e1llal. A hib\u00e1san vagy nem kell\u0151<\/p>\n<div class=\"klb-readmore entry-button\"><a class=\"btn read-more\" href=\"https:\/\/premiumkazan.hu\/de\/vasarloi-tajekoztato\/\">Read More<\/a><\/div>","protected":false},"author":1,"featured_media":0,"parent":0,"menu_order":0,"comment_status":"closed","ping_status":"closed","template":"","meta":{"_themeisle_gutenberg_block_has_review":false,"footnotes":""},"class_list":["post-4555","page","type-page","status-publish","hentry"],"_links":{"self":[{"href":"https:\/\/premiumkazan.hu\/de\/wp-json\/wp\/v2\/pages\/4555","targetHints":{"allow":["GET"]}}],"collection":[{"href":"https:\/\/premiumkazan.hu\/de\/wp-json\/wp\/v2\/pages"}],"about":[{"href":"https:\/\/premiumkazan.hu\/de\/wp-json\/wp\/v2\/types\/page"}],"author":[{"embeddable":true,"href":"https:\/\/premiumkazan.hu\/de\/wp-json\/wp\/v2\/users\/1"}],"replies":[{"embeddable":true,"href":"https:\/\/premiumkazan.hu\/de\/wp-json\/wp\/v2\/comments?post=4555"}],"version-history":[{"count":12,"href":"https:\/\/premiumkazan.hu\/de\/wp-json\/wp\/v2\/pages\/4555\/revisions"}],"predecessor-version":[{"id":4567,"href":"https:\/\/premiumkazan.hu\/de\/wp-json\/wp\/v2\/pages\/4555\/revisions\/4567"}],"wp:attachment":[{"href":"https:\/\/premiumkazan.hu\/de\/wp-json\/wp\/v2\/media?parent=4555"}],"curies":[{"name":"wp","href":"https:\/\/api.w.org\/{rel}","templated":true}]}}