{"id":4980,"date":"2025-01-23T12:55:52","date_gmt":"2025-01-23T12:55:52","guid":{"rendered":"https:\/\/premiumkazan.hu\/?post_type=product&#038;p=4980"},"modified":"2026-02-27T07:34:07","modified_gmt":"2026-02-27T07:34:07","slug":"kalde-kld9-ives-kandallo-9-kw","status":"publish","type":"product","link":"http:\/\/premiumkazan.hu\/en\/product\/kalde-kld9-ives-kandallo-9-kw\/","title":{"rendered":"Kalde KLD9 \u00edves kandall\u00f3  9 kW"},"content":{"rendered":"<p>Kalde KLD9 \u00edves,\u00a0 szil\u00e1rd t\u00fczel\u0151anyaggal \u00fczemel\u0151, hordozhat\u00f3, szabadon \u00e1ll\u00f3 kandall\u00f3<\/p>\n<p>Fels\u0151 f\u00fcstcs\u0151 kivezet\u00e9s\u0171, bolt\u00edves kandall\u00f3.<\/p>\n<p>N\u00e9vleges teljes\u00edtm\u00e9ny:\u00a0 9kW<\/p>\n<p>Hat\u00e1sfok: 76%<\/p>\n<p>F\u0171thet\u0151 l\u00e9gt\u00e9r: 200 m3<\/p>\n<p>Sz\u00edn: fekete\/sz\u00fcrke, matt<\/p>\n<p>Ac\u00e9llemez vastags\u00e1g 2 &#8211; 3 mm<\/p>\n<p>Optim\u00e1lis t\u00fczel\u0151anyag: t\u0171zifa vagy sz\u00e1raz brikett aj\u00e1nlott<\/p>\n<p>A nagyobb stabilit\u00e1s \u00e9rdek\u00e9ben profilozott ajt\u00f3 &#8211; \u00edgy elker\u00fclhet\u0151 a h\u0151 hat\u00e1s\u00e1ra bek\u00f6vetkez\u0151 deform\u00e1ci\u00f3<\/p>\n<p>Dupla szigetelt ajt\u00f3 h\u0151\u00e1ll\u00f3 zsin\u00f3rral az ajt\u00f3profilon \u00e9s h\u0151\u00e1ll\u00f3 ker\u00e1mia cs\u00edkkal az \u00fcvegen<\/p>\n<p>H\u0151\u00e1ll\u00f3 \u00fcveg: 800 \u00b0C-ig<\/p>\n<p>H\u0151\u00e1ll\u00f3 fest\u00e9k: 600 \u00b0C-ig<\/p>\n<p>Samott t\u00e9gla ellen\u00e1ll\u00f3: 1200 \u00b0C-ig<\/p>\n<p>\u00d6nt\u00f6ttvas rost\u00e9ly<\/p>\n<p>K\u00f6nny\u0171 s\u00falya, kompakt m\u00e9retei r\u00e9v\u00e9n ide\u00e1lis megold\u00e1s lehet pl. lak\u00e1sok, apartmanok, csal\u00e1di h\u00e1zak, nyaral\u00f3k f\u0171t\u00e9s\u00e9re.<\/p>\n<h5><\/h5>\n<p>&nbsp;<\/p>\n<p>&nbsp;<\/p>\n<p>&nbsp;<\/p>","protected":false},"excerpt":{"rendered":"<h5><strong>Kalde KLD9 \u00edves, szil\u00e1rd t\u00fczel\u0151anyaggal \u00fczemel\u0151, hordozhat\u00f3, szabadon \u00e1ll\u00f3 kandall\u00f3<\/strong><\/h5>\n<h5><strong>N\u00e9vleges teljes\u00edtm\u00e9ny: 9kW\u00a0<\/strong><\/h5>\n<h5><\/h5>","protected":false},"featured_media":4970,"comment_status":"open","ping_status":"closed","template":"","meta":{"_themeisle_gutenberg_block_has_review":false},"product_brand":[],"product_cat":[298],"product_tag":[],"class_list":{"0":"post-4980","1":"product","2":"type-product","3":"status-publish","4":"has-post-thumbnail","6":"product_cat-kandallo","7":"product_shipping_class-raklapos-szallitas","9":"first","10":"instock","11":"taxable","12":"shipping-taxable","13":"purchasable","14":"product-type-simple"},"_links":{"self":[{"href":"http:\/\/premiumkazan.hu\/en\/wp-json\/wp\/v2\/product\/4980","targetHints":{"allow":["GET"]}}],"collection":[{"href":"http:\/\/premiumkazan.hu\/en\/wp-json\/wp\/v2\/product"}],"about":[{"href":"http:\/\/premiumkazan.hu\/en\/wp-json\/wp\/v2\/types\/product"}],"replies":[{"embeddable":true,"href":"http:\/\/premiumkazan.hu\/en\/wp-json\/wp\/v2\/comments?post=4980"}],"wp:featuredmedia":[{"embeddable":true,"href":"http:\/\/premiumkazan.hu\/en\/wp-json\/wp\/v2\/media\/4970"}],"wp:attachment":[{"href":"http:\/\/premiumkazan.hu\/en\/wp-json\/wp\/v2\/media?parent=4980"}],"wp:term":[{"taxonomy":"product_brand","embeddable":true,"href":"http:\/\/premiumkazan.hu\/en\/wp-json\/wp\/v2\/product_brand?post=4980"},{"taxonomy":"product_cat","embeddable":true,"href":"http:\/\/premiumkazan.hu\/en\/wp-json\/wp\/v2\/product_cat?post=4980"},{"taxonomy":"product_tag","embeddable":true,"href":"http:\/\/premiumkazan.hu\/en\/wp-json\/wp\/v2\/product_tag?post=4980"}],"curies":[{"name":"wp","href":"https:\/\/api.w.org\/{rel}","templated":true}]}}